{"id":1155,"date":"2025-03-25T08:58:10","date_gmt":"2025-03-25T12:58:10","guid":{"rendered":"https:\/\/domaineducapitaine.com\/?page_id=1155"},"modified":"2025-04-07T12:55:26","modified_gmt":"2025-04-07T16:55:26","slug":"elementor-1155","status":"publish","type":"page","link":"https:\/\/domaineducapitaine.com\/en\/elementor-1155\/","title":{"rendered":"Winter Activities"},"content":{"rendered":"\t\t<div data-elementor-type=\"wp-page\" data-elementor-id=\"1155\" class=\"elementor elementor-1155 elementor-1003\">\n\t\t\t\t\t\t\t\t\t<section class=\"elementor-section elementor-top-section elementor-element elementor-element-cfe3db4 elementor-section-boxed elementor-section-height-default elementor-section-height-default\" data-id=\"cfe3db4\" data-element_type=\"section\" data-settings=\"{&quot;background_background&quot;:&quot;classic&quot;}\">\n\t\t\t\t\t\t<div class=\"elementor-container elementor-column-gap-default\">\n\t\t\t\t\t<div class=\"elementor-column elementor-col-100 elementor-top-column elementor-element elementor-element-5da267d\" data-id=\"5da267d\" data-element_type=\"column\">\n\t\t\t<div class=\"elementor-widget-wrap elementor-element-populated\">\n\t\t\t\t\t\t\t\t<div class=\"elementor-element elementor-element-51f3f6f elementor-widget elementor-widget-heading\" data-id=\"51f3f6f\" data-element_type=\"widget\" data-widget_type=\"heading.default\">\n\t\t\t\t<div class=\"elementor-widget-container\">\n\t\t\t<style>\/*! elementor - v3.7.8 - 02-10-2022 *\/\n.elementor-heading-title{padding:0;margin:0;line-height:1}.elementor-widget-heading .elementor-heading-title[class*=elementor-size-]>a{color:inherit;font-size:inherit;line-height:inherit}.elementor-widget-heading .elementor-heading-title.elementor-size-small{font-size:15px}.elementor-widget-heading .elementor-heading-title.elementor-size-medium{font-size:19px}.elementor-widget-heading .elementor-heading-title.elementor-size-large{font-size:29px}.elementor-widget-heading .elementor-heading-title.elementor-size-xl{font-size:39px}.elementor-widget-heading .elementor-heading-title.elementor-size-xxl{font-size:59px}<\/style><h2 class=\"elementor-heading-title elementor-size-default\">Winter<\/h2>\t\t<\/div>\n\t\t\t\t<\/div>\n\t\t\t\t\t<\/div>\n\t\t<\/div>\n\t\t\t\t\t\t\t<\/div>\n\t\t<\/section>\n\t\t\t\t<section class=\"elementor-section elementor-top-section elementor-element elementor-element-af077c7 elementor-section-boxed elementor-section-height-default elementor-section-height-default\" data-id=\"af077c7\" data-element_type=\"section\" data-settings=\"{&quot;background_background&quot;:&quot;classic&quot;}\">\n\t\t\t\t\t\t<div class=\"elementor-container elementor-column-gap-default\">\n\t\t\t\t\t<div class=\"elementor-column elementor-col-100 elementor-top-column elementor-element elementor-element-0b01a94\" data-id=\"0b01a94\" data-element_type=\"column\">\n\t\t\t<div class=\"elementor-widget-wrap elementor-element-populated\">\n\t\t\t\t\t\t\t\t<div class=\"elementor-element elementor-element-207cd64 elementor-widget elementor-widget-text-editor\" data-id=\"207cd64\" data-element_type=\"widget\" data-widget_type=\"text-editor.default\">\n\t\t\t\t<div class=\"elementor-widget-container\">\n\t\t\t<style>\/*! elementor - v3.7.8 - 02-10-2022 *\/\n.elementor-widget-text-editor.elementor-drop-cap-view-stacked .elementor-drop-cap{background-color:#818a91;color:#fff}.elementor-widget-text-editor.elementor-drop-cap-view-framed .elementor-drop-cap{color:#818a91;border:3px solid;background-color:transparent}.elementor-widget-text-editor:not(.elementor-drop-cap-view-default) .elementor-drop-cap{margin-top:8px}.elementor-widget-text-editor:not(.elementor-drop-cap-view-default) .elementor-drop-cap-letter{width:1em;height:1em}.elementor-widget-text-editor .elementor-drop-cap{float:left;text-align:center;line-height:1;font-size:50px}.elementor-widget-text-editor .elementor-drop-cap-letter{display:inline-block}<\/style>\t\t\t\t<p><span style=\"font-weight: 400;\">Winter in Gasp\u00e9sie is a unique experience, offering a multitude of outdoor activities in a stunning natural setting. Whether you&#8217;re a fan of skiing, hiking, or simply looking for relaxation, the region has many winter adventures in store for you.<\/span><\/p>\t\t\t\t\t\t<\/div>\n\t\t\t\t<\/div>\n\t\t\t\t\t<\/div>\n\t\t<\/div>\n\t\t\t\t\t\t\t<\/div>\n\t\t<\/section>\n\t\t\t\t<section class=\"elementor-section elementor-top-section elementor-element elementor-element-bc712a1 elementor-section-boxed elementor-section-height-default elementor-section-height-default\" data-id=\"bc712a1\" data-element_type=\"section\" data-settings=\"{&quot;background_background&quot;:&quot;classic&quot;}\">\n\t\t\t\t\t\t<div class=\"elementor-container elementor-column-gap-default\">\n\t\t\t\t\t<div class=\"elementor-column elementor-col-50 elementor-top-column elementor-element elementor-element-16fca4e\" data-id=\"16fca4e\" data-element_type=\"column\">\n\t\t\t<div class=\"elementor-widget-wrap elementor-element-populated\">\n\t\t\t\t\t\t\t\t<div class=\"elementor-element elementor-element-dc8a70a elementor-widget elementor-widget-image\" data-id=\"dc8a70a\" data-element_type=\"widget\" data-widget_type=\"image.default\">\n\t\t\t\t<div class=\"elementor-widget-container\">\n\t\t\t<style>\/*! elementor - v3.7.8 - 02-10-2022 *\/\n.elementor-widget-image{text-align:center}.elementor-widget-image a{display:inline-block}.elementor-widget-image a img[src$=\".svg\"]{width:48px}.elementor-widget-image img{vertical-align:middle;display:inline-block}<\/style>\t\t\t\t\t\t\t\t\t\t\t\t<img loading=\"lazy\" decoding=\"async\" width=\"1024\" height=\"926\" src=\"https:\/\/domaineducapitaine.com\/wp-content\/uploads\/2025\/03\/image00014-1024x926.jpeg\" class=\"attachment-large size-large\" alt=\"\" srcset=\"https:\/\/domaineducapitaine.com\/wp-content\/uploads\/2025\/03\/image00014-1024x926.jpeg 1024w, https:\/\/domaineducapitaine.com\/wp-content\/uploads\/2025\/03\/image00014-300x271.jpeg 300w, https:\/\/domaineducapitaine.com\/wp-content\/uploads\/2025\/03\/image00014-768x694.jpeg 768w, https:\/\/domaineducapitaine.com\/wp-content\/uploads\/2025\/03\/image00014.jpeg 1480w\" sizes=\"auto, (max-width: 1024px) 100vw, 1024px\" \/>\t\t\t\t\t\t\t\t\t\t\t\t\t\t\t<\/div>\n\t\t\t\t<\/div>\n\t\t\t\t\t<\/div>\n\t\t<\/div>\n\t\t\t\t<div class=\"elementor-column elementor-col-50 elementor-top-column elementor-element elementor-element-299c882\" data-id=\"299c882\" data-element_type=\"column\">\n\t\t\t<div class=\"elementor-widget-wrap elementor-element-populated\">\n\t\t\t\t\t\t\t\t<div class=\"elementor-element elementor-element-661cd2b elementor-widget elementor-widget-text-editor\" data-id=\"661cd2b\" data-element_type=\"widget\" data-widget_type=\"text-editor.default\">\n\t\t\t\t<div class=\"elementor-widget-container\">\n\t\t\t\t\t\t\t<p><span style=\"font-weight: 400;\"><strong>Ice Skating at Sainte-Th\u00e9r\u00e8se de Gasp\u00e9 (16 minutes from the cottage)<\/strong>\u00a0<\/span><span style=\"font-weight: 400;\">For a more relaxing activity, ice skating is an excellent option. The OTJ of Sainte-Th\u00e9r\u00e8se de Gasp\u00e9, just 16 minutes from Domaine du Capitaine, offers free skate and hockey sessions. Check their Facebook page for schedules to enjoy this activity in a friendly atmosphere.<\/span><\/p><p><strong>Cross-Country Skiing at Chalet du Pont-Rouge (20 minutes from the cottage)<\/strong><span style=\"font-weight: 400;\"><strong>\u00a0<\/strong>Just 20 minutes from Domaine du Capitaine, the Chalet Pont-Rouge Cross-Country Ski Club in Sainte-Th\u00e9r\u00e8se offers a network of trails suitable for all levels, from beginners to experienced skiers. With two trail areas, one covering 25 km and the other 15 km, you can enjoy this activity in a beautiful natural setting. Rental equipment is available on-site.<\/span><\/p>\t\t\t\t\t\t<\/div>\n\t\t\t\t<\/div>\n\t\t\t\t\t<\/div>\n\t\t<\/div>\n\t\t\t\t\t\t\t<\/div>\n\t\t<\/section>\n\t\t\t\t<section class=\"elementor-section elementor-top-section elementor-element elementor-element-e025fc4 elementor-section-boxed elementor-section-height-default elementor-section-height-default\" data-id=\"e025fc4\" data-element_type=\"section\" data-settings=\"{&quot;background_background&quot;:&quot;classic&quot;}\">\n\t\t\t\t\t\t<div class=\"elementor-container elementor-column-gap-default\">\n\t\t\t\t\t<div class=\"elementor-column elementor-col-100 elementor-top-column elementor-element elementor-element-4d34ace\" data-id=\"4d34ace\" data-element_type=\"column\">\n\t\t\t<div class=\"elementor-widget-wrap elementor-element-populated\">\n\t\t\t\t\t\t\t\t<div class=\"elementor-element elementor-element-b27f2a1 elementor-widget elementor-widget-text-editor\" data-id=\"b27f2a1\" data-element_type=\"widget\" data-widget_type=\"text-editor.default\">\n\t\t\t\t<div class=\"elementor-widget-container\">\n\t\t\t\t\t\t\t<p><strong>Ap\u00e9ro at Pub Air Salin (5 minutes from the cottage) <\/strong><span style=\"font-weight: 400;\">After a day of outdoor adventures, why not explore the local flavors? Pub Air Salin, formerly known as Pit Caribou, offers a variety of craft beers to enjoy at its pub in downtown Perc\u00e9. Take in the warm atmosphere and the beautiful view of the beach while sharing a drink with fellow nature enthusiasts.<\/span><\/p><p><strong>Ski Hok and Snowshoeing on the Sentiers du G\u00e9oparc de Perc\u00e9 (8 minutes from the cottage)<\/strong><span style=\"font-weight: 400;\">\u00a0The G\u00e9oparc de Perc\u00e9 is not just a place to explore in the summer with its glass platform offering a spectacular view of the Rock; it is also an ideal playground for snow lovers. In winter, its 18 km of snow-covered trails are perfect for snowshoeing or trying out Hok skis. Explore the Mont Blanc area on Hok skis, a fun and accessible way to glide through the rolling forest. If you prefer snowshoeing, you&#8217;ll find many groomed trails in this exceptional natural setting. Hok skis are available for rent at Camp de base Coin-du-Banc.<\/span><\/p><p><span style=\"font-weight: 400;\"><strong>Maple Syrup Season at the Sugar Shack by the Sea (12 minutes from the cottage, in April)<\/strong>\u00a0<\/span><span style=\"font-weight: 400;\">Every year in April, a collaboration between Camp de Base Coin-du-Banc and the \u00c9rabli\u00e8re C\u00f4t\u00e9 Sucr\u00e9 creates Quebec&#8217;s only &#8220;sugar shack by the sea&#8221;! Enjoy this sweet experience in a festive and maritime atmosphere at the restaurant of the Auberge du Camp de Base. With its checkered tablecloths and traditional decor, this event allows you to taste the delights of maple syrup in a spectacular seaside setting. The dates for the sugar season vary each year, so don&#8217;t forget to check the event&#8217;s dates, which typically take place in April.<\/span><\/p><p>\u00a0<\/p>\t\t\t\t\t\t<\/div>\n\t\t\t\t<\/div>\n\t\t\t\t\t<\/div>\n\t\t<\/div>\n\t\t\t\t\t\t\t<\/div>\n\t\t<\/section>\n\t\t\t\t<section class=\"elementor-section elementor-top-section elementor-element elementor-element-98c1f0b elementor-section-boxed elementor-section-height-default elementor-section-height-default\" data-id=\"98c1f0b\" data-element_type=\"section\" data-settings=\"{&quot;background_background&quot;:&quot;classic&quot;}\">\n\t\t\t\t\t\t<div class=\"elementor-container elementor-column-gap-default\">\n\t\t\t\t\t<div class=\"elementor-column elementor-col-50 elementor-top-column elementor-element elementor-element-ab00afa\" data-id=\"ab00afa\" data-element_type=\"column\">\n\t\t\t<div class=\"elementor-widget-wrap elementor-element-populated\">\n\t\t\t\t\t\t\t\t<div class=\"elementor-element elementor-element-ffcd755 elementor-widget elementor-widget-text-editor\" data-id=\"ffcd755\" data-element_type=\"widget\" data-widget_type=\"text-editor.default\">\n\t\t\t\t<div class=\"elementor-widget-container\">\n\t\t\t\t\t\t\t<p><strong>Snowshoeing at Pointe Saint-Pierre (27 minutes from the cottage) <\/strong><span style=\"font-weight: 400;\">Pointe Saint-Pierre, located halfway between Gasp\u00e9 and Perc\u00e9, is a must-see spot in the Gasp\u00e9 Peninsula. This site, facing east, offers a breathtaking view of Forillon National Park and the Perc\u00e9 Rock, often shrouded in winter mist. On snowshoes, you can explore its wooded trails, snowy meadows, and coastal cliffs, all while admiring the seabird colonies moving between the ice drifts. A true natural spectacle!<\/span><\/p><p><span style=\"font-weight: 400;\"><strong>Alpine Skiing at Mont-B\u00e9chervaise Ski Resort (57 minutes from the cottage)<\/strong>\u00a0<\/span><span style=\"font-weight: 400;\">57 minutes from your chalet, the Mont-B\u00e9chervaise Ski Resort awaits you with a variety of slopes for all levels. Enjoy a day of skiing on natural snow-covered slopes while taking in the stunning ocean views. A perfect spot for alpine ski enthusiasts seeking both thrills and breathtaking landscapes.<\/span><\/p>\t\t\t\t\t\t<\/div>\n\t\t\t\t<\/div>\n\t\t\t\t\t<\/div>\n\t\t<\/div>\n\t\t\t\t<div class=\"elementor-column elementor-col-50 elementor-top-column elementor-element elementor-element-6772c6c\" data-id=\"6772c6c\" data-element_type=\"column\">\n\t\t\t<div class=\"elementor-widget-wrap elementor-element-populated\">\n\t\t\t\t\t\t\t\t<div class=\"elementor-element elementor-element-c499d10 elementor-widget elementor-widget-image\" data-id=\"c499d10\" data-element_type=\"widget\" data-widget_type=\"image.default\">\n\t\t\t\t<div class=\"elementor-widget-container\">\n\t\t\t\t\t\t\t\t\t\t\t\t\t\t\t<img loading=\"lazy\" decoding=\"async\" width=\"1024\" height=\"892\" src=\"https:\/\/domaineducapitaine.com\/wp-content\/uploads\/2025\/03\/image00029-1024x892.jpeg\" class=\"attachment-large size-large\" alt=\"\" srcset=\"https:\/\/domaineducapitaine.com\/wp-content\/uploads\/2025\/03\/image00029-1024x892.jpeg 1024w, https:\/\/domaineducapitaine.com\/wp-content\/uploads\/2025\/03\/image00029-300x261.jpeg 300w, https:\/\/domaineducapitaine.com\/wp-content\/uploads\/2025\/03\/image00029-768x669.jpeg 768w, https:\/\/domaineducapitaine.com\/wp-content\/uploads\/2025\/03\/image00029.jpeg 1412w\" sizes=\"auto, (max-width: 1024px) 100vw, 1024px\" \/>\t\t\t\t\t\t\t\t\t\t\t\t\t\t\t<\/div>\n\t\t\t\t<\/div>\n\t\t\t\t\t<\/div>\n\t\t<\/div>\n\t\t\t\t\t\t\t<\/div>\n\t\t<\/section>\n\t\t\t\t\t\t\t<\/div>\n\t\t","protected":false},"excerpt":{"rendered":"<p>Winter Winter in Gasp\u00e9sie is a unique experience, offering a multitude of outdoor activities in a stunning natural setting. Whether you&#8217;re a fan of skiing, hiking, or simply looking for relaxation, the region has many winter adventures in store for you. Ice Skating at Sainte-Th\u00e9r\u00e8se de Gasp\u00e9 (16 minutes from the cottage)\u00a0For a more relaxing &hellip;<\/p>\n<p class=\"read-more\"> <a class=\"\" href=\"https:\/\/domaineducapitaine.com\/en\/elementor-1155\/\"> <span class=\"screen-reader-text\">Winter Activities<\/span> Read More &raquo;<\/a><\/p>\n","protected":false},"author":1,"featured_media":0,"parent":0,"menu_order":0,"comment_status":"closed","ping_status":"closed","template":"","meta":{"site-sidebar-layout":"no-sidebar","site-content-layout":"page-builder","ast-global-header-display":"","ast-main-header-display":"","ast-hfb-above-header-display":"","ast-hfb-below-header-display":"","ast-hfb-mobile-header-display":"","site-post-title":"disabled","ast-breadcrumbs-content":"","ast-featured-img":"disabled","footer-sml-layout":"","theme-transparent-header-meta":"","adv-header-id-meta":"","stick-header-meta":"","header-above-stick-meta":"","header-main-stick-meta":"","header-below-stick-meta":"","footnotes":""},"class_list":["post-1155","page","type-page","status-publish","hentry"],"yoast_head":"<!-- This site is optimized with the Yoast SEO plugin v19.8 - https:\/\/yoast.com\/wordpress\/plugins\/seo\/ -->\n<title>Winter Activities - Domaine du Capitaine<\/title>\n<meta name=\"robots\" content=\"index, follow, max-snippet:-1, max-image-preview:large, max-video-preview:-1\" \/>\n<link rel=\"canonical\" href=\"https:\/\/domaineducapitaine.com\/en\/elementor-1155\/\" \/>\n<meta property=\"og:locale\" content=\"en_US\" \/>\n<meta property=\"og:type\" content=\"article\" \/>\n<meta property=\"og:title\" content=\"Winter Activities - Domaine du Capitaine\" \/>\n<meta property=\"og:description\" content=\"Winter Winter in Gasp\u00e9sie is a unique experience, offering a multitude of outdoor activities in a stunning natural setting. Whether you&#8217;re a fan of skiing, hiking, or simply looking for relaxation, the region has many winter adventures in store for you. Ice Skating at Sainte-Th\u00e9r\u00e8se de Gasp\u00e9 (16 minutes from the cottage)\u00a0For a more relaxing &hellip; Winter Activities Read More &raquo;\" \/>\n<meta property=\"og:url\" content=\"https:\/\/domaineducapitaine.com\/en\/elementor-1155\/\" \/>\n<meta property=\"og:site_name\" content=\"Domaine du Capitaine\" \/>\n<meta property=\"article:modified_time\" content=\"2025-04-07T16:55:26+00:00\" \/>\n<meta property=\"og:image\" content=\"https:\/\/domaineducapitaine.com\/wp-content\/uploads\/2025\/03\/image00014-1024x926.jpeg\" \/>\n<meta name=\"twitter:card\" content=\"summary_large_image\" \/>\n<meta name=\"twitter:label1\" content=\"Est. reading time\" \/>\n\t<meta name=\"twitter:data1\" content=\"4 minutes\" \/>\n<script type=\"application\/ld+json\" class=\"yoast-schema-graph\">{\"@context\":\"https:\/\/schema.org\",\"@graph\":[{\"@type\":\"WebPage\",\"@id\":\"https:\/\/domaineducapitaine.com\/en\/elementor-1155\/\",\"url\":\"https:\/\/domaineducapitaine.com\/en\/elementor-1155\/\",\"name\":\"Winter Activities - Domaine du Capitaine\",\"isPartOf\":{\"@id\":\"https:\/\/domaineducapitaine.com\/en\/#website\"},\"datePublished\":\"2025-03-25T12:58:10+00:00\",\"dateModified\":\"2025-04-07T16:55:26+00:00\",\"breadcrumb\":{\"@id\":\"https:\/\/domaineducapitaine.com\/en\/elementor-1155\/#breadcrumb\"},\"inLanguage\":\"en-US\",\"potentialAction\":[{\"@type\":\"ReadAction\",\"target\":[\"https:\/\/domaineducapitaine.com\/en\/elementor-1155\/\"]}]},{\"@type\":\"BreadcrumbList\",\"@id\":\"https:\/\/domaineducapitaine.com\/en\/elementor-1155\/#breadcrumb\",\"itemListElement\":[{\"@type\":\"ListItem\",\"position\":1,\"name\":\"Accueil\",\"item\":\"https:\/\/domaineducapitaine.com\/en\/\"},{\"@type\":\"ListItem\",\"position\":2,\"name\":\"Winter Activities\"}]},{\"@type\":\"WebSite\",\"@id\":\"https:\/\/domaineducapitaine.com\/en\/#website\",\"url\":\"https:\/\/domaineducapitaine.com\/en\/\",\"name\":\"Domaine du Capitaine\",\"description\":\"\",\"publisher\":{\"@id\":\"https:\/\/domaineducapitaine.com\/en\/#organization\"},\"potentialAction\":[{\"@type\":\"SearchAction\",\"target\":{\"@type\":\"EntryPoint\",\"urlTemplate\":\"https:\/\/domaineducapitaine.com\/en\/?s={search_term_string}\"},\"query-input\":\"required name=search_term_string\"}],\"inLanguage\":\"en-US\"},{\"@type\":\"Organization\",\"@id\":\"https:\/\/domaineducapitaine.com\/en\/#organization\",\"name\":\"Domaine du Capitaine\",\"url\":\"https:\/\/domaineducapitaine.com\/en\/\",\"sameAs\":[],\"logo\":{\"@type\":\"ImageObject\",\"inLanguage\":\"en-US\",\"@id\":\"https:\/\/domaineducapitaine.com\/en\/#\/schema\/logo\/image\/\",\"url\":\"https:\/\/domaineducapitaine.com\/wp-content\/uploads\/2022\/10\/cropped-SiteLogo_Plan-de-travail-1-copie-4.png\",\"contentUrl\":\"https:\/\/domaineducapitaine.com\/wp-content\/uploads\/2022\/10\/cropped-SiteLogo_Plan-de-travail-1-copie-4.png\",\"width\":908,\"height\":418,\"caption\":\"Domaine du Capitaine\"},\"image\":{\"@id\":\"https:\/\/domaineducapitaine.com\/en\/#\/schema\/logo\/image\/\"}}]}<\/script>\n<!-- \/ Yoast SEO plugin. -->","yoast_head_json":{"title":"Winter Activities - Domaine du Capitaine","robots":{"index":"index","follow":"follow","max-snippet":"max-snippet:-1","max-image-preview":"max-image-preview:large","max-video-preview":"max-video-preview:-1"},"canonical":"https:\/\/domaineducapitaine.com\/en\/elementor-1155\/","og_locale":"en_US","og_type":"article","og_title":"Winter Activities - Domaine du Capitaine","og_description":"Winter Winter in Gasp\u00e9sie is a unique experience, offering a multitude of outdoor activities in a stunning natural setting. Whether you&#8217;re a fan of skiing, hiking, or simply looking for relaxation, the region has many winter adventures in store for you. Ice Skating at Sainte-Th\u00e9r\u00e8se de Gasp\u00e9 (16 minutes from the cottage)\u00a0For a more relaxing &hellip; Winter Activities Read More &raquo;","og_url":"https:\/\/domaineducapitaine.com\/en\/elementor-1155\/","og_site_name":"Domaine du Capitaine","article_modified_time":"2025-04-07T16:55:26+00:00","og_image":[{"url":"https:\/\/domaineducapitaine.com\/wp-content\/uploads\/2025\/03\/image00014-1024x926.jpeg"}],"twitter_card":"summary_large_image","twitter_misc":{"Est. reading time":"4 minutes"},"schema":{"@context":"https:\/\/schema.org","@graph":[{"@type":"WebPage","@id":"https:\/\/domaineducapitaine.com\/en\/elementor-1155\/","url":"https:\/\/domaineducapitaine.com\/en\/elementor-1155\/","name":"Winter Activities - Domaine du Capitaine","isPartOf":{"@id":"https:\/\/domaineducapitaine.com\/en\/#website"},"datePublished":"2025-03-25T12:58:10+00:00","dateModified":"2025-04-07T16:55:26+00:00","breadcrumb":{"@id":"https:\/\/domaineducapitaine.com\/en\/elementor-1155\/#breadcrumb"},"inLanguage":"en-US","potentialAction":[{"@type":"ReadAction","target":["https:\/\/domaineducapitaine.com\/en\/elementor-1155\/"]}]},{"@type":"BreadcrumbList","@id":"https:\/\/domaineducapitaine.com\/en\/elementor-1155\/#breadcrumb","itemListElement":[{"@type":"ListItem","position":1,"name":"Accueil","item":"https:\/\/domaineducapitaine.com\/en\/"},{"@type":"ListItem","position":2,"name":"Winter Activities"}]},{"@type":"WebSite","@id":"https:\/\/domaineducapitaine.com\/en\/#website","url":"https:\/\/domaineducapitaine.com\/en\/","name":"Domaine du Capitaine","description":"","publisher":{"@id":"https:\/\/domaineducapitaine.com\/en\/#organization"},"potentialAction":[{"@type":"SearchAction","target":{"@type":"EntryPoint","urlTemplate":"https:\/\/domaineducapitaine.com\/en\/?s={search_term_string}"},"query-input":"required name=search_term_string"}],"inLanguage":"en-US"},{"@type":"Organization","@id":"https:\/\/domaineducapitaine.com\/en\/#organization","name":"Domaine du Capitaine","url":"https:\/\/domaineducapitaine.com\/en\/","sameAs":[],"logo":{"@type":"ImageObject","inLanguage":"en-US","@id":"https:\/\/domaineducapitaine.com\/en\/#\/schema\/logo\/image\/","url":"https:\/\/domaineducapitaine.com\/wp-content\/uploads\/2022\/10\/cropped-SiteLogo_Plan-de-travail-1-copie-4.png","contentUrl":"https:\/\/domaineducapitaine.com\/wp-content\/uploads\/2022\/10\/cropped-SiteLogo_Plan-de-travail-1-copie-4.png","width":908,"height":418,"caption":"Domaine du Capitaine"},"image":{"@id":"https:\/\/domaineducapitaine.com\/en\/#\/schema\/logo\/image\/"}}]}},"_links":{"self":[{"href":"https:\/\/domaineducapitaine.com\/en\/wp-json\/wp\/v2\/pages\/1155","targetHints":{"allow":["GET"]}}],"collection":[{"href":"https:\/\/domaineducapitaine.com\/en\/wp-json\/wp\/v2\/pages"}],"about":[{"href":"https:\/\/domaineducapitaine.com\/en\/wp-json\/wp\/v2\/types\/page"}],"author":[{"embeddable":true,"href":"https:\/\/domaineducapitaine.com\/en\/wp-json\/wp\/v2\/users\/1"}],"replies":[{"embeddable":true,"href":"https:\/\/domaineducapitaine.com\/en\/wp-json\/wp\/v2\/comments?post=1155"}],"version-history":[{"count":5,"href":"https:\/\/domaineducapitaine.com\/en\/wp-json\/wp\/v2\/pages\/1155\/revisions"}],"predecessor-version":[{"id":1161,"href":"https:\/\/domaineducapitaine.com\/en\/wp-json\/wp\/v2\/pages\/1155\/revisions\/1161"}],"wp:attachment":[{"href":"https:\/\/domaineducapitaine.com\/en\/wp-json\/wp\/v2\/media?parent=1155"}],"curies":[{"name":"wp","href":"https:\/\/api.w.org\/{rel}","templated":true}]}}