{"id":1177,"date":"2025-03-25T08:58:54","date_gmt":"2025-03-25T12:58:54","guid":{"rendered":"https:\/\/domaineducapitaine.com\/?page_id=1177"},"modified":"2025-04-07T13:58:00","modified_gmt":"2025-04-07T17:58:00","slug":"fall-activities","status":"publish","type":"page","link":"https:\/\/domaineducapitaine.com\/en\/fall-activities\/","title":{"rendered":"Fall Activities"},"content":{"rendered":"\t\t<div data-elementor-type=\"wp-page\" data-elementor-id=\"1177\" class=\"elementor elementor-1177 elementor-1043\">\n\t\t\t\t\t\t\t\t\t<section class=\"elementor-section elementor-top-section elementor-element elementor-element-cfe3db4 elementor-section-boxed elementor-section-height-default elementor-section-height-default\" data-id=\"cfe3db4\" data-element_type=\"section\" data-settings=\"{&quot;background_background&quot;:&quot;classic&quot;}\">\n\t\t\t\t\t\t<div class=\"elementor-container elementor-column-gap-default\">\n\t\t\t\t\t<div class=\"elementor-column elementor-col-100 elementor-top-column elementor-element elementor-element-5da267d\" data-id=\"5da267d\" data-element_type=\"column\">\n\t\t\t<div class=\"elementor-widget-wrap elementor-element-populated\">\n\t\t\t\t\t\t\t\t<div class=\"elementor-element elementor-element-51f3f6f elementor-widget elementor-widget-heading\" data-id=\"51f3f6f\" data-element_type=\"widget\" data-widget_type=\"heading.default\">\n\t\t\t\t<div class=\"elementor-widget-container\">\n\t\t\t<style>\/*! elementor - v3.7.8 - 02-10-2022 *\/\n.elementor-heading-title{padding:0;margin:0;line-height:1}.elementor-widget-heading .elementor-heading-title[class*=elementor-size-]>a{color:inherit;font-size:inherit;line-height:inherit}.elementor-widget-heading .elementor-heading-title.elementor-size-small{font-size:15px}.elementor-widget-heading .elementor-heading-title.elementor-size-medium{font-size:19px}.elementor-widget-heading .elementor-heading-title.elementor-size-large{font-size:29px}.elementor-widget-heading .elementor-heading-title.elementor-size-xl{font-size:39px}.elementor-widget-heading .elementor-heading-title.elementor-size-xxl{font-size:59px}<\/style><h2 class=\"elementor-heading-title elementor-size-default\">fall<\/h2>\t\t<\/div>\n\t\t\t\t<\/div>\n\t\t\t\t\t<\/div>\n\t\t<\/div>\n\t\t\t\t\t\t\t<\/div>\n\t\t<\/section>\n\t\t\t\t<section class=\"elementor-section elementor-top-section elementor-element elementor-element-bc712a1 elementor-section-boxed elementor-section-height-default elementor-section-height-default\" data-id=\"bc712a1\" data-element_type=\"section\" data-settings=\"{&quot;background_background&quot;:&quot;classic&quot;}\">\n\t\t\t\t\t\t<div class=\"elementor-container elementor-column-gap-default\">\n\t\t\t\t\t<div class=\"elementor-column elementor-col-50 elementor-top-column elementor-element elementor-element-16fca4e\" data-id=\"16fca4e\" data-element_type=\"column\">\n\t\t\t<div class=\"elementor-widget-wrap elementor-element-populated\">\n\t\t\t\t\t\t\t\t<div class=\"elementor-element elementor-element-dc8a70a elementor-widget elementor-widget-image\" data-id=\"dc8a70a\" data-element_type=\"widget\" data-widget_type=\"image.default\">\n\t\t\t\t<div class=\"elementor-widget-container\">\n\t\t\t<style>\/*! elementor - v3.7.8 - 02-10-2022 *\/\n.elementor-widget-image{text-align:center}.elementor-widget-image a{display:inline-block}.elementor-widget-image a img[src$=\".svg\"]{width:48px}.elementor-widget-image img{vertical-align:middle;display:inline-block}<\/style>\t\t\t\t\t\t\t\t\t\t\t\t<img loading=\"lazy\" decoding=\"async\" width=\"568\" height=\"530\" src=\"https:\/\/domaineducapitaine.com\/wp-content\/uploads\/2025\/03\/image00015.jpeg\" class=\"attachment-large size-large\" alt=\"\" srcset=\"https:\/\/domaineducapitaine.com\/wp-content\/uploads\/2025\/03\/image00015.jpeg 568w, https:\/\/domaineducapitaine.com\/wp-content\/uploads\/2025\/03\/image00015-300x280.jpeg 300w\" sizes=\"auto, (max-width: 568px) 100vw, 568px\" \/>\t\t\t\t\t\t\t\t\t\t\t\t\t\t\t<\/div>\n\t\t\t\t<\/div>\n\t\t\t\t\t<\/div>\n\t\t<\/div>\n\t\t\t\t<div class=\"elementor-column elementor-col-50 elementor-top-column elementor-element elementor-element-299c882\" data-id=\"299c882\" data-element_type=\"column\">\n\t\t\t<div class=\"elementor-widget-wrap elementor-element-populated\">\n\t\t\t\t\t\t\t\t<div class=\"elementor-element elementor-element-661cd2b elementor-widget elementor-widget-text-editor\" data-id=\"661cd2b\" data-element_type=\"widget\" data-widget_type=\"text-editor.default\">\n\t\t\t\t<div class=\"elementor-widget-container\">\n\t\t\t<style>\/*! elementor - v3.7.8 - 02-10-2022 *\/\n.elementor-widget-text-editor.elementor-drop-cap-view-stacked .elementor-drop-cap{background-color:#818a91;color:#fff}.elementor-widget-text-editor.elementor-drop-cap-view-framed .elementor-drop-cap{color:#818a91;border:3px solid;background-color:transparent}.elementor-widget-text-editor:not(.elementor-drop-cap-view-default) .elementor-drop-cap{margin-top:8px}.elementor-widget-text-editor:not(.elementor-drop-cap-view-default) .elementor-drop-cap-letter{width:1em;height:1em}.elementor-widget-text-editor .elementor-drop-cap{float:left;text-align:center;line-height:1;font-size:50px}.elementor-widget-text-editor .elementor-drop-cap-letter{display:inline-block}<\/style>\t\t\t\t<p><b>Walk Through the Village of Perc\u00e9 (Departure from the cottages)<\/b><span style=\"font-weight: 400;\"><br \/><\/span><span style=\"font-weight: 400;\">Enjoy a pleasant walk of approximately 5 km through the charming village of Perc\u00e9, admiring the fall colors and several breathtaking viewpoints of Perc\u00e9 Rock and the sea. The cool wind coming from the ocean and the peaceful atmosphere of autumn make this walk even more enjoyable. Along the way, you\u2019ll discover the iconic Gothic church, a symbol of the village. This activity is a true favorite of the owners, who do it several times a week. You can also make a stop at the dock for an authentic local experience, with the possibility of extending your route according to your desires.<\/span><\/p><p><b>Bonaventure Island Cruises (Departure 5 minutes from the cottages)<\/b><span style=\"font-weight: 400;\"><br \/><\/span><span style=\"font-weight: 400;\">The cruises to Bonaventure Island allow you to admire up close Perc\u00e9 Rock, Bonaventure Island, and its impressive seabird colonies, including the North American largest gannet colony. In addition to the boat excursion, you\u2019ll have the opportunity to disembark on the island for a hike. The trails, ranging from 1 to 2 hours, offer spectacular views of the sea and local wildlife. These cruises are available from June to October, depending on weather conditions.<\/span><\/p>\t\t\t\t\t\t<\/div>\n\t\t\t\t<\/div>\n\t\t\t\t\t<\/div>\n\t\t<\/div>\n\t\t\t\t\t\t\t<\/div>\n\t\t<\/section>\n\t\t\t\t<section class=\"elementor-section elementor-top-section elementor-element elementor-element-e025fc4 elementor-section-boxed elementor-section-height-default elementor-section-height-default\" data-id=\"e025fc4\" data-element_type=\"section\" data-settings=\"{&quot;background_background&quot;:&quot;classic&quot;}\">\n\t\t\t\t\t\t<div class=\"elementor-container elementor-column-gap-default\">\n\t\t\t\t\t<div class=\"elementor-column elementor-col-100 elementor-top-column elementor-element elementor-element-4d34ace\" data-id=\"4d34ace\" data-element_type=\"column\">\n\t\t\t<div class=\"elementor-widget-wrap elementor-element-populated\">\n\t\t\t\t\t\t\t\t<div class=\"elementor-element elementor-element-b27f2a1 elementor-widget elementor-widget-text-editor\" data-id=\"b27f2a1\" data-element_type=\"widget\" data-widget_type=\"text-editor.default\">\n\t\t\t\t<div class=\"elementor-widget-container\">\n\t\t\t\t\t\t\t<p><b>G\u00e9oparc UNESCO World Heritage Trails in Perc\u00e9 (5 minutes from the cottages)<\/b><span style=\"font-weight: 400;\"><br \/><\/span><span style=\"font-weight: 400;\">The G\u00e9oparc trails allow you to discover spectacular geology and exceptional landscapes. These trails, spread across 13 routes ranging from 0.5 km to 2.5 km, offer stunning sea views throughout your journey. Mount Sainte-Anne, which occupies a large part of the G\u00e9oparc, is an unmissable highlight. The G\u00e9oparc is recognized for its unique geological features, which earned it the UNESCO World Heritage site designation. To complete this adventure, don\u2019t miss the glass-floored platform, offering the best viewpoint of Perc\u00e9 and its surroundings. In the fall, the trails are adorned with vibrant colors, ranging from yellow to orange, green, and red, thanks to the variety of tree species present.<\/span><\/p><p><b>Oktoberfest Gasp\u00e9sien \u2013 La Picole (5 minutes from the cottages)<\/b><span style=\"font-weight: 400;\"><br \/><\/span><span style=\"font-weight: 400;\">Join La Picole, an annual two-day event celebrating the beers of local microbreweries. Every October, enjoy refreshing tastings, delicious snacks, and musical entertainment. It\u2019s also a great opportunity to meet friendly locals from Gasp\u00e9 while enjoying different local beers. The event location changes every year, but it\u2019s always held in a local business or a place suitable for the event. For the exact dates of this year, please check their official Facebook page.<\/span><\/p>\t\t\t\t\t\t<\/div>\n\t\t\t\t<\/div>\n\t\t\t\t\t<\/div>\n\t\t<\/div>\n\t\t\t\t\t\t\t<\/div>\n\t\t<\/section>\n\t\t\t\t<section class=\"elementor-section elementor-top-section elementor-element elementor-element-98c1f0b elementor-section-boxed elementor-section-height-default elementor-section-height-default\" data-id=\"98c1f0b\" data-element_type=\"section\" data-settings=\"{&quot;background_background&quot;:&quot;classic&quot;}\">\n\t\t\t\t\t\t<div class=\"elementor-container elementor-column-gap-default\">\n\t\t\t\t\t<div class=\"elementor-column elementor-col-50 elementor-top-column elementor-element elementor-element-ab00afa\" data-id=\"ab00afa\" data-element_type=\"column\">\n\t\t\t<div class=\"elementor-widget-wrap elementor-element-populated\">\n\t\t\t\t\t\t\t\t<div class=\"elementor-element elementor-element-ffcd755 elementor-widget elementor-widget-text-editor\" data-id=\"ffcd755\" data-element_type=\"widget\" data-widget_type=\"text-editor.default\">\n\t\t\t\t<div class=\"elementor-widget-container\">\n\t\t\t\t\t\t\t<p><b>Relaxation at Thuya Spa (Le Nordet) (25 minutes from the cottages)<\/b><span style=\"font-weight: 400;\"><br \/><\/span><span style=\"font-weight: 400;\">Treat yourself to a wellness break with a thermal experience at Thuya Spa, the first Nordic spa in Gasp\u00e9sie, located in Saint-Georges-de-Malbaie. This very warm and unique place offers environmentally friendly facilities, including Canadian red cedar pools and locker rooms with recycled ceramic showers. Enjoy this relaxing experience in the heart of nature to recharge. These varied activities allow you to discover the natural and cultural richness of Perc\u00e9 and its surroundings during the fall.<\/span><\/p><p><b>Grouse Hunting Experience (30 minutes from the cottages)<\/b><span style=\"font-weight: 400;\"><br \/><\/span><span style=\"font-weight: 400;\">For enthusiasts or those interested in a first experience, discover grouse hunting, on foot or by vehicle, and take the opportunity to explore the region&#8217;s varied terrain while admiring the beauty of the autumn landscapes. There are several important conditions and elements to consider, which is why it\u2019s crucial to get informed by experienced local hunters. We can connect you with these experts so that you can get all the necessary information to fully enjoy this experience.<\/span><\/p>\t\t\t\t\t\t<\/div>\n\t\t\t\t<\/div>\n\t\t\t\t\t<\/div>\n\t\t<\/div>\n\t\t\t\t<div class=\"elementor-column elementor-col-50 elementor-top-column elementor-element elementor-element-6772c6c\" data-id=\"6772c6c\" data-element_type=\"column\">\n\t\t\t<div class=\"elementor-widget-wrap elementor-element-populated\">\n\t\t\t\t\t\t\t\t<div class=\"elementor-element elementor-element-c499d10 elementor-widget elementor-widget-image\" data-id=\"c499d10\" data-element_type=\"widget\" data-widget_type=\"image.default\">\n\t\t\t\t<div class=\"elementor-widget-container\">\n\t\t\t\t\t\t\t\t\t\t\t\t\t\t\t<img loading=\"lazy\" decoding=\"async\" width=\"1024\" height=\"960\" src=\"https:\/\/domaineducapitaine.com\/wp-content\/uploads\/2025\/03\/image00016-1024x960.jpeg\" class=\"attachment-large size-large\" alt=\"\" srcset=\"https:\/\/domaineducapitaine.com\/wp-content\/uploads\/2025\/03\/image00016-1024x960.jpeg 1024w, https:\/\/domaineducapitaine.com\/wp-content\/uploads\/2025\/03\/image00016-300x281.jpeg 300w, https:\/\/domaineducapitaine.com\/wp-content\/uploads\/2025\/03\/image00016-768x720.jpeg 768w, https:\/\/domaineducapitaine.com\/wp-content\/uploads\/2025\/03\/image00016.jpeg 1331w\" sizes=\"auto, (max-width: 1024px) 100vw, 1024px\" \/>\t\t\t\t\t\t\t\t\t\t\t\t\t\t\t<\/div>\n\t\t\t\t<\/div>\n\t\t\t\t\t<\/div>\n\t\t<\/div>\n\t\t\t\t\t\t\t<\/div>\n\t\t<\/section>\n\t\t\t\t\t\t\t<\/div>\n\t\t","protected":false},"excerpt":{"rendered":"<p>fall Walk Through the Village of Perc\u00e9 (Departure from the cottages)Enjoy a pleasant walk of approximately 5 km through the charming village of Perc\u00e9, admiring the fall colors and several breathtaking viewpoints of Perc\u00e9 Rock and the sea. The cool wind coming from the ocean and the peaceful atmosphere of autumn make this walk even &hellip;<\/p>\n<p class=\"read-more\"> <a class=\"\" href=\"https:\/\/domaineducapitaine.com\/en\/fall-activities\/\"> <span class=\"screen-reader-text\">Fall Activities<\/span> Read More &raquo;<\/a><\/p>\n","protected":false},"author":1,"featured_media":0,"parent":0,"menu_order":0,"comment_status":"closed","ping_status":"closed","template":"","meta":{"site-sidebar-layout":"no-sidebar","site-content-layout":"page-builder","ast-global-header-display":"","ast-main-header-display":"","ast-hfb-above-header-display":"","ast-hfb-below-header-display":"","ast-hfb-mobile-header-display":"","site-post-title":"disabled","ast-breadcrumbs-content":"","ast-featured-img":"disabled","footer-sml-layout":"","theme-transparent-header-meta":"","adv-header-id-meta":"","stick-header-meta":"","header-above-stick-meta":"","header-main-stick-meta":"","header-below-stick-meta":"","footnotes":""},"class_list":["post-1177","page","type-page","status-publish","hentry"],"yoast_head":"<!-- This site is optimized with the Yoast SEO plugin v19.8 - https:\/\/yoast.com\/wordpress\/plugins\/seo\/ -->\n<title>Fall Activities - Domaine du Capitaine<\/title>\n<meta name=\"robots\" content=\"index, follow, max-snippet:-1, max-image-preview:large, max-video-preview:-1\" \/>\n<link rel=\"canonical\" href=\"https:\/\/domaineducapitaine.com\/en\/fall-activities\/\" \/>\n<meta property=\"og:locale\" content=\"en_US\" \/>\n<meta property=\"og:type\" content=\"article\" \/>\n<meta property=\"og:title\" content=\"Fall Activities - Domaine du Capitaine\" \/>\n<meta property=\"og:description\" content=\"fall Walk Through the Village of Perc\u00e9 (Departure from the cottages)Enjoy a pleasant walk of approximately 5 km through the charming village of Perc\u00e9, admiring the fall colors and several breathtaking viewpoints of Perc\u00e9 Rock and the sea. The cool wind coming from the ocean and the peaceful atmosphere of autumn make this walk even &hellip; Fall Activities Read More &raquo;\" \/>\n<meta property=\"og:url\" content=\"https:\/\/domaineducapitaine.com\/en\/fall-activities\/\" \/>\n<meta property=\"og:site_name\" content=\"Domaine du Capitaine\" \/>\n<meta property=\"article:modified_time\" content=\"2025-04-07T17:58:00+00:00\" \/>\n<meta property=\"og:image\" content=\"https:\/\/domaineducapitaine.com\/wp-content\/uploads\/2025\/03\/image00015.jpeg\" \/>\n<meta name=\"twitter:card\" content=\"summary_large_image\" \/>\n<meta name=\"twitter:label1\" content=\"Est. reading time\" \/>\n\t<meta name=\"twitter:data1\" content=\"3 minutes\" \/>\n<script type=\"application\/ld+json\" class=\"yoast-schema-graph\">{\"@context\":\"https:\/\/schema.org\",\"@graph\":[{\"@type\":\"WebPage\",\"@id\":\"https:\/\/domaineducapitaine.com\/en\/fall-activities\/\",\"url\":\"https:\/\/domaineducapitaine.com\/en\/fall-activities\/\",\"name\":\"Fall Activities - Domaine du Capitaine\",\"isPartOf\":{\"@id\":\"https:\/\/domaineducapitaine.com\/en\/#website\"},\"datePublished\":\"2025-03-25T12:58:54+00:00\",\"dateModified\":\"2025-04-07T17:58:00+00:00\",\"breadcrumb\":{\"@id\":\"https:\/\/domaineducapitaine.com\/en\/fall-activities\/#breadcrumb\"},\"inLanguage\":\"en-US\",\"potentialAction\":[{\"@type\":\"ReadAction\",\"target\":[\"https:\/\/domaineducapitaine.com\/en\/fall-activities\/\"]}]},{\"@type\":\"BreadcrumbList\",\"@id\":\"https:\/\/domaineducapitaine.com\/en\/fall-activities\/#breadcrumb\",\"itemListElement\":[{\"@type\":\"ListItem\",\"position\":1,\"name\":\"Accueil\",\"item\":\"https:\/\/domaineducapitaine.com\/en\/\"},{\"@type\":\"ListItem\",\"position\":2,\"name\":\"Fall Activities\"}]},{\"@type\":\"WebSite\",\"@id\":\"https:\/\/domaineducapitaine.com\/en\/#website\",\"url\":\"https:\/\/domaineducapitaine.com\/en\/\",\"name\":\"Domaine du Capitaine\",\"description\":\"\",\"publisher\":{\"@id\":\"https:\/\/domaineducapitaine.com\/en\/#organization\"},\"potentialAction\":[{\"@type\":\"SearchAction\",\"target\":{\"@type\":\"EntryPoint\",\"urlTemplate\":\"https:\/\/domaineducapitaine.com\/en\/?s={search_term_string}\"},\"query-input\":\"required name=search_term_string\"}],\"inLanguage\":\"en-US\"},{\"@type\":\"Organization\",\"@id\":\"https:\/\/domaineducapitaine.com\/en\/#organization\",\"name\":\"Domaine du Capitaine\",\"url\":\"https:\/\/domaineducapitaine.com\/en\/\",\"sameAs\":[],\"logo\":{\"@type\":\"ImageObject\",\"inLanguage\":\"en-US\",\"@id\":\"https:\/\/domaineducapitaine.com\/en\/#\/schema\/logo\/image\/\",\"url\":\"https:\/\/domaineducapitaine.com\/wp-content\/uploads\/2022\/10\/cropped-SiteLogo_Plan-de-travail-1-copie-4.png\",\"contentUrl\":\"https:\/\/domaineducapitaine.com\/wp-content\/uploads\/2022\/10\/cropped-SiteLogo_Plan-de-travail-1-copie-4.png\",\"width\":908,\"height\":418,\"caption\":\"Domaine du Capitaine\"},\"image\":{\"@id\":\"https:\/\/domaineducapitaine.com\/en\/#\/schema\/logo\/image\/\"}}]}<\/script>\n<!-- \/ Yoast SEO plugin. -->","yoast_head_json":{"title":"Fall Activities - Domaine du Capitaine","robots":{"index":"index","follow":"follow","max-snippet":"max-snippet:-1","max-image-preview":"max-image-preview:large","max-video-preview":"max-video-preview:-1"},"canonical":"https:\/\/domaineducapitaine.com\/en\/fall-activities\/","og_locale":"en_US","og_type":"article","og_title":"Fall Activities - Domaine du Capitaine","og_description":"fall Walk Through the Village of Perc\u00e9 (Departure from the cottages)Enjoy a pleasant walk of approximately 5 km through the charming village of Perc\u00e9, admiring the fall colors and several breathtaking viewpoints of Perc\u00e9 Rock and the sea. The cool wind coming from the ocean and the peaceful atmosphere of autumn make this walk even &hellip; Fall Activities Read More &raquo;","og_url":"https:\/\/domaineducapitaine.com\/en\/fall-activities\/","og_site_name":"Domaine du Capitaine","article_modified_time":"2025-04-07T17:58:00+00:00","og_image":[{"url":"https:\/\/domaineducapitaine.com\/wp-content\/uploads\/2025\/03\/image00015.jpeg"}],"twitter_card":"summary_large_image","twitter_misc":{"Est. reading time":"3 minutes"},"schema":{"@context":"https:\/\/schema.org","@graph":[{"@type":"WebPage","@id":"https:\/\/domaineducapitaine.com\/en\/fall-activities\/","url":"https:\/\/domaineducapitaine.com\/en\/fall-activities\/","name":"Fall Activities - Domaine du Capitaine","isPartOf":{"@id":"https:\/\/domaineducapitaine.com\/en\/#website"},"datePublished":"2025-03-25T12:58:54+00:00","dateModified":"2025-04-07T17:58:00+00:00","breadcrumb":{"@id":"https:\/\/domaineducapitaine.com\/en\/fall-activities\/#breadcrumb"},"inLanguage":"en-US","potentialAction":[{"@type":"ReadAction","target":["https:\/\/domaineducapitaine.com\/en\/fall-activities\/"]}]},{"@type":"BreadcrumbList","@id":"https:\/\/domaineducapitaine.com\/en\/fall-activities\/#breadcrumb","itemListElement":[{"@type":"ListItem","position":1,"name":"Accueil","item":"https:\/\/domaineducapitaine.com\/en\/"},{"@type":"ListItem","position":2,"name":"Fall Activities"}]},{"@type":"WebSite","@id":"https:\/\/domaineducapitaine.com\/en\/#website","url":"https:\/\/domaineducapitaine.com\/en\/","name":"Domaine du Capitaine","description":"","publisher":{"@id":"https:\/\/domaineducapitaine.com\/en\/#organization"},"potentialAction":[{"@type":"SearchAction","target":{"@type":"EntryPoint","urlTemplate":"https:\/\/domaineducapitaine.com\/en\/?s={search_term_string}"},"query-input":"required name=search_term_string"}],"inLanguage":"en-US"},{"@type":"Organization","@id":"https:\/\/domaineducapitaine.com\/en\/#organization","name":"Domaine du Capitaine","url":"https:\/\/domaineducapitaine.com\/en\/","sameAs":[],"logo":{"@type":"ImageObject","inLanguage":"en-US","@id":"https:\/\/domaineducapitaine.com\/en\/#\/schema\/logo\/image\/","url":"https:\/\/domaineducapitaine.com\/wp-content\/uploads\/2022\/10\/cropped-SiteLogo_Plan-de-travail-1-copie-4.png","contentUrl":"https:\/\/domaineducapitaine.com\/wp-content\/uploads\/2022\/10\/cropped-SiteLogo_Plan-de-travail-1-copie-4.png","width":908,"height":418,"caption":"Domaine du Capitaine"},"image":{"@id":"https:\/\/domaineducapitaine.com\/en\/#\/schema\/logo\/image\/"}}]}},"_links":{"self":[{"href":"https:\/\/domaineducapitaine.com\/en\/wp-json\/wp\/v2\/pages\/1177","targetHints":{"allow":["GET"]}}],"collection":[{"href":"https:\/\/domaineducapitaine.com\/en\/wp-json\/wp\/v2\/pages"}],"about":[{"href":"https:\/\/domaineducapitaine.com\/en\/wp-json\/wp\/v2\/types\/page"}],"author":[{"embeddable":true,"href":"https:\/\/domaineducapitaine.com\/en\/wp-json\/wp\/v2\/users\/1"}],"replies":[{"embeddable":true,"href":"https:\/\/domaineducapitaine.com\/en\/wp-json\/wp\/v2\/comments?post=1177"}],"version-history":[{"count":4,"href":"https:\/\/domaineducapitaine.com\/en\/wp-json\/wp\/v2\/pages\/1177\/revisions"}],"predecessor-version":[{"id":1182,"href":"https:\/\/domaineducapitaine.com\/en\/wp-json\/wp\/v2\/pages\/1177\/revisions\/1182"}],"wp:attachment":[{"href":"https:\/\/domaineducapitaine.com\/en\/wp-json\/wp\/v2\/media?parent=1177"}],"curies":[{"name":"wp","href":"https:\/\/api.w.org\/{rel}","templated":true}]}}