{"id":1222,"date":"2022-06-29T16:48:13","date_gmt":"2022-06-29T20:48:13","guid":{"rendered":"https:\/\/domaineducapitaine.com\/?page_id=1222"},"modified":"2026-03-06T09:39:13","modified_gmt":"2026-03-06T14:39:13","slug":"privacy-policy","status":"publish","type":"page","link":"https:\/\/domaineducapitaine.com\/en\/privacy-policy\/","title":{"rendered":"Privacy policy"},"content":{"rendered":"\t\t<div data-elementor-type=\"wp-page\" data-elementor-id=\"1222\" class=\"elementor elementor-1222 elementor-3\">\n\t\t\t\t\t\t\t\t\t<section class=\"elementor-section elementor-top-section elementor-element elementor-element-144f3c1c elementor-section-boxed elementor-section-height-default elementor-section-height-default\" data-id=\"144f3c1c\" data-element_type=\"section\" data-settings=\"{&quot;background_background&quot;:&quot;classic&quot;}\">\n\t\t\t\t\t\t<div class=\"elementor-container elementor-column-gap-default\">\n\t\t\t\t\t<div class=\"elementor-column elementor-col-100 elementor-top-column elementor-element elementor-element-47bf2602\" data-id=\"47bf2602\" data-element_type=\"column\">\n\t\t\t<div class=\"elementor-widget-wrap elementor-element-populated\">\n\t\t\t\t\t\t\t\t<div class=\"elementor-element elementor-element-7b401190 elementor-widget-divider--view-line_icon elementor-view-default elementor-widget-divider--element-align-center elementor-widget elementor-widget-divider\" data-id=\"7b401190\" data-element_type=\"widget\" data-widget_type=\"divider.default\">\n\t\t\t\t<div class=\"elementor-widget-container\">\n\t\t\t<style>\/*! elementor - v3.7.8 - 02-10-2022 *\/\n.elementor-widget-divider{--divider-border-style:none;--divider-border-width:1px;--divider-color:#2c2c2c;--divider-icon-size:20px;--divider-element-spacing:10px;--divider-pattern-height:24px;--divider-pattern-size:20px;--divider-pattern-url:none;--divider-pattern-repeat:repeat-x}.elementor-widget-divider .elementor-divider{display:-webkit-box;display:-ms-flexbox;display:flex}.elementor-widget-divider .elementor-divider__text{font-size:15px;line-height:1;max-width:95%}.elementor-widget-divider .elementor-divider__element{margin:0 var(--divider-element-spacing);-ms-flex-negative:0;flex-shrink:0}.elementor-widget-divider .elementor-icon{font-size:var(--divider-icon-size)}.elementor-widget-divider .elementor-divider-separator{display:-webkit-box;display:-ms-flexbox;display:flex;margin:0;direction:ltr}.elementor-widget-divider--view-line_icon .elementor-divider-separator,.elementor-widget-divider--view-line_text .elementor-divider-separator{-webkit-box-align:center;-ms-flex-align:center;align-items:center}.elementor-widget-divider--view-line_icon .elementor-divider-separator:after,.elementor-widget-divider--view-line_icon .elementor-divider-separator:before,.elementor-widget-divider--view-line_text .elementor-divider-separator:after,.elementor-widget-divider--view-line_text .elementor-divider-separator:before{display:block;content:\"\";border-bottom:0;-webkit-box-flex:1;-ms-flex-positive:1;flex-grow:1;border-top:var(--divider-border-width) var(--divider-border-style) var(--divider-color)}.elementor-widget-divider--element-align-left .elementor-divider .elementor-divider-separator>.elementor-divider__svg:first-of-type{-webkit-box-flex:0;-ms-flex-positive:0;flex-grow:0;-ms-flex-negative:100;flex-shrink:100}.elementor-widget-divider--element-align-left .elementor-divider-separator:before{content:none}.elementor-widget-divider--element-align-left .elementor-divider__element{margin-left:0}.elementor-widget-divider--element-align-right .elementor-divider .elementor-divider-separator>.elementor-divider__svg:last-of-type{-webkit-box-flex:0;-ms-flex-positive:0;flex-grow:0;-ms-flex-negative:100;flex-shrink:100}.elementor-widget-divider--element-align-right .elementor-divider-separator:after{content:none}.elementor-widget-divider--element-align-right .elementor-divider__element{margin-right:0}.elementor-widget-divider:not(.elementor-widget-divider--view-line_text):not(.elementor-widget-divider--view-line_icon) .elementor-divider-separator{border-top:var(--divider-border-width) var(--divider-border-style) var(--divider-color)}.elementor-widget-divider--separator-type-pattern{--divider-border-style:none}.elementor-widget-divider--separator-type-pattern.elementor-widget-divider--view-line .elementor-divider-separator,.elementor-widget-divider--separator-type-pattern:not(.elementor-widget-divider--view-line) .elementor-divider-separator:after,.elementor-widget-divider--separator-type-pattern:not(.elementor-widget-divider--view-line) .elementor-divider-separator:before,.elementor-widget-divider--separator-type-pattern:not([class*=elementor-widget-divider--view]) .elementor-divider-separator{width:100%;min-height:var(--divider-pattern-height);-webkit-mask-size:var(--divider-pattern-size) 100%;mask-size:var(--divider-pattern-size) 100%;-webkit-mask-repeat:var(--divider-pattern-repeat);mask-repeat:var(--divider-pattern-repeat);background-color:var(--divider-color);-webkit-mask-image:var(--divider-pattern-url);mask-image:var(--divider-pattern-url)}.elementor-widget-divider--no-spacing{--divider-pattern-size:auto}.elementor-widget-divider--bg-round{--divider-pattern-repeat:round}.rtl .elementor-widget-divider .elementor-divider__text{direction:rtl}.e-container>.elementor-widget-divider{width:var(--container-widget-width,100%);--flex-grow:var(--container-widget-flex-grow,0)}<\/style>\t\t<div class=\"elementor-divider\">\n\t\t\t<span class=\"elementor-divider-separator\">\n\t\t\t\t\t\t\t<div class=\"elementor-icon elementor-divider__element\">\n\t\t\t\t\t<svg xmlns=\"http:\/\/www.w3.org\/2000\/svg\" id=\"a\" viewBox=\"0 0 300 300\"><defs><style>.b{fill:#193746;}<\/style><\/defs><path class=\"b\" d=\"M210.12,191.23c6.69-.42,13.38-.85,20.06-1.27l-2.05,20.22c-6-6.32-12.01-12.63-18.01-18.95Z\"><\/path><path class=\"b\" d=\"M90.08,191.08c-6.76-.35-13.51-.7-20.27-1.06,.85,6.76,1.7,13.52,2.55,20.28,5.91-6.41,11.81-12.81,17.72-19.22Z\"><\/path><rect class=\"b\" x=\"143.05\" y=\"85.5\" width=\"14.35\" height=\"143.41\"><\/rect><path class=\"b\" d=\"M150.23,96.29c-12.97,0-23.53-10.56-23.53-23.53s10.56-23.53,23.53-23.53,23.53,10.55,23.53,23.53-10.55,23.53-23.53,23.53Zm0-32.71c-5.06,0-9.18,4.12-9.18,9.18s4.12,9.18,9.18,9.18,9.18-4.12,9.18-9.18-4.12-9.18-9.18-9.18Z\"><\/path><rect class=\"b\" x=\"129.28\" y=\"105.05\" width=\"41.9\" height=\"14.35\"><\/rect><path class=\"b\" d=\"M215.59,194.04c-16.7,17.88-40.41,28.62-65.83,28.53-26.1-.14-50.39-11.83-66.98-30.87-1.05,4.85-4.57,9.08-10.57,9.7,19.24,21.92,47.31,35.36,77.47,35.52,.18,0,.37,0,.55,0,29.76,0,57.46-12.84,76.77-34.07-6.25-.2-10.05-4.09-11.41-8.81Z\"><\/path><\/svg><\/div>\n\t\t\t\t\t\t<\/span>\n\t\t<\/div>\n\t\t\t\t<\/div>\n\t\t\t\t<\/div>\n\t\t\t\t\t<\/div>\n\t\t<\/div>\n\t\t\t\t\t\t\t<\/div>\n\t\t<\/section>\n\t\t\t\t<section class=\"elementor-section elementor-top-section elementor-element elementor-element-6c343654 elementor-section-boxed elementor-section-height-default elementor-section-height-default\" data-id=\"6c343654\" data-element_type=\"section\">\n\t\t\t\t\t\t<div class=\"elementor-container elementor-column-gap-default\">\n\t\t\t\t\t<div class=\"elementor-column elementor-col-100 elementor-top-column elementor-element elementor-element-5f36d68\" data-id=\"5f36d68\" data-element_type=\"column\">\n\t\t\t<div class=\"elementor-widget-wrap elementor-element-populated\">\n\t\t\t\t\t\t\t\t<div class=\"elementor-element elementor-element-524f98a8 elementor-widget elementor-widget-text-editor\" data-id=\"524f98a8\" data-element_type=\"widget\" data-widget_type=\"text-editor.default\">\n\t\t\t\t<div class=\"elementor-widget-container\">\n\t\t\t<style>\/*! elementor - v3.7.8 - 02-10-2022 *\/\n.elementor-widget-text-editor.elementor-drop-cap-view-stacked .elementor-drop-cap{background-color:#818a91;color:#fff}.elementor-widget-text-editor.elementor-drop-cap-view-framed .elementor-drop-cap{color:#818a91;border:3px solid;background-color:transparent}.elementor-widget-text-editor:not(.elementor-drop-cap-view-default) .elementor-drop-cap{margin-top:8px}.elementor-widget-text-editor:not(.elementor-drop-cap-view-default) .elementor-drop-cap-letter{width:1em;height:1em}.elementor-widget-text-editor .elementor-drop-cap{float:left;text-align:center;line-height:1;font-size:50px}.elementor-widget-text-editor .elementor-drop-cap-letter{display:inline-block}<\/style>\t\t\t\t<h1><span lang=\"en-CA\"><b>PRIVACY POLICY<\/b><\/span><\/h1><p><span lang=\"en-CA\"><b>Domaine du Capitaine<\/b><\/span><span lang=\"en-CA\"><br \/>Last updated: January 27, 2026<\/span><\/p><p><span lang=\"en-CA\">Domaine du Capitaine places great importance on the protection of personal information. This Privacy Policy explains how we collect, use, store, and protect personal information in accordance with the <\/span><span lang=\"en-CA\"><i>Act respecting the protection of personal information in the private sector<\/i><\/span><span lang=\"en-CA\"> (Law 25 \u2013 Qu\u00e9bec).<\/span><\/p><p>\u00a0<\/p><h3><b>1. Company Identification<br \/><br \/><\/b><\/h3><p><b>Business Name:<\/b> Domaine du Capitaine<br \/><b>Address:<\/b> 10, chemin du Belv\u00e9d\u00e8re, Perc\u00e9 (Qu\u00e9bec), G0C 2L0<br \/><b>General Email:<\/b> domaineducapitaineperce@gmail.com<\/p><p><b>Person Responsible for the Protection of Personal Information<\/b><\/p><p><span lang=\"en-CA\"><b>Name:<\/b><\/span><span lang=\"en-CA\"> Marie-Claude Arsenault<br \/><\/span><span lang=\"en-CA\"><b>Position:<\/b><\/span><span lang=\"en-CA\"> Shareholder, Secretary, and Reservations Manager<br \/><\/span><span lang=\"en-CA\"><b>Email:<\/b><\/span><span lang=\"en-CA\"> marieclaudearsenault@me.com<\/span><\/p><p>\u00a0<\/p><h3><span lang=\"en-CA\"><b>2. Personal Information Collected<br \/><br \/><\/b><\/span><\/h3><p><span lang=\"en-CA\">We collect only the personal information necessary for our operations, including:<\/span><\/p><ul><li>First and last name<\/li><li>Email address<\/li><li>Phone number<\/li><li><span lang=\"en-CA\">Payment information (processed by third-party providers)<\/span><\/li><li>Content of communications (emails or messages)<\/li><\/ul><h3>\u00a0<\/h3><h3><span lang=\"en-CA\"><b>3. Methods of Collection<br \/><br \/><\/b><\/span><\/h3><p><span lang=\"en-CA\">Personal information is collected primarily:<\/span><\/p><ul><li><span lang=\"en-CA\">When a reservation is made through third-party platforms (Airbnb, Chalets au Qu\u00e9bec, Lodgify)<\/span><\/li><li><span lang=\"en-CA\">When communicating by email or telephone with the Reservations Manager<\/span><\/li><\/ul><p><span lang=\"en-CA\">The website domaineducapitaine.com does not contain any contact forms, registration forms, or newsletter subscriptions.<\/span><\/p><p>\u00a0<\/p><h3><span lang=\"en-CA\"><b>4. Purposes of Collection<br \/><br \/><\/b><\/span><\/h3><p><span lang=\"en-CA\">Personal information is used solely to:<\/span><\/p><ul><li>Manage reservations<\/li><li>Communicate with clients<\/li><li>Process billing and payments<\/li><li>Provide customer service<\/li><li><span lang=\"en-CA\">Comply with legal and accounting obligations<\/span><\/li><\/ul><p><span lang=\"en-CA\">No personal information is used for marketing or advertising purposes.<\/span><\/p><p>\u00a0<\/p><h3><b>5. Cookies<br \/><br \/><\/b><\/h3><p>The website uses:<\/p><ul><li><span lang=\"en-CA\">Google Analytics for general statistical purposes<\/span><\/li><li><span lang=\"en-CA\">Cookies strictly necessary for the proper functioning of the website<\/span><\/li><\/ul><p><span lang=\"en-CA\">Visitors may accept or refuse non-essential cookies through the consent banner displayed on the site.<\/span><\/p><p>\u00a0<\/p><h3><span lang=\"en-CA\"><b>6. Refusal to Provide Information<br \/><br \/><\/b><\/span><\/h3><p><span lang=\"en-CA\">It is possible to refuse to provide certain personal information. However, refusing to provide essential information may prevent a reservation or payment from being processed.<\/span><\/p><p><span lang=\"en-CA\">Refusing non-essential cookies does not prevent the use of the website.<\/span><\/p><p>\u00a0<\/p><h3><span lang=\"en-CA\"><b>7. Access to Personal Information<br \/><br \/><\/b><\/span><\/h3><p><span lang=\"en-CA\">Internally, only the owners have access to personal information.<\/span><\/p><p><span lang=\"en-CA\">No other employee or internal third party has access to this information.<\/span><\/p><p>\u00a0<\/p><h3><span lang=\"en-CA\"><b>8. Sharing with Third Parties<br \/><br \/><\/b><\/span><\/h3><p><span lang=\"en-CA\">Personal information may be shared only with:<\/span><\/p><ul><li><span lang=\"en-CA\">Booking platforms: Airbnb, Chalets au Qu\u00e9bec, Lodgify<\/span><\/li><li><span lang=\"en-CA\">Payment processors: Airbnb, Interac e-Transfer, Clover<\/span><\/li><\/ul><p><span lang=\"en-CA\">Some service providers may be located outside Canada, including in the United States. Reasonable measures are taken to ensure the protection of personal information in such cases.<\/span><\/p><p><span lang=\"en-CA\"><b>Technical Website Management Services<\/b><\/span><\/p><p><span lang=\"en-CA\">The website is designed, hosted, maintained, and supported by Jolifish Inc., a company specializing in web and software solutions. As part of the technical management of the website (hosting, updates, security, maintenance), Jolifish may have access to certain personal information.<\/span><\/p><p><span lang=\"en-CA\">This use is strictly limited to technical needs related to website administration and the provision of services you request. Jolifish acts as a service provider to Domaine du Capitaine and is required to protect personal information in accordance with applicable laws.<\/span><\/p><p><span lang=\"en-CA\">For more information about how Jolifish processes data, please consult Jolifish\u2019s Privacy Policy:<br \/><\/span><span style=\"color: #467886;\"><u><a href=\"https:\/\/jolifish.com\/politique-de-confidentialite\/\" target=\"_new\"><span lang=\"en-CA\">https:\/\/jolifish.com\/politique-de-confidentialite\/<\/span><\/a><\/u><\/span><\/p><p>\u00a0<\/p><h3><span lang=\"en-CA\"><b>9. Security Measures<br \/><br \/><\/b><\/span><\/h3><p><span lang=\"en-CA\">Reasonable measures are implemented to protect personal information, including:<\/span><\/p><ul><li>Use of secure passwords<\/li><li>Restricted access to personal information<\/li><li><span lang=\"en-CA\">Use of recognized and secure platforms<\/span><\/li><\/ul><h3>\u00a0<\/h3><h3><span lang=\"en-CA\"><b>10. Privacy Incidents<br \/><br \/><\/b><\/span><\/h3><p><span lang=\"en-CA\">In the event of a privacy incident involving personal information, Domaine du Capitaine will take the necessary measures to limit impacts, correct the situation, and prevent recurrence.<\/span><\/p><p><span lang=\"en-CA\">When required by law, affected individuals and the appropriate authorities will be notified as soon as possible.<\/span><\/p>\t\t\t\t\t\t<\/div>\n\t\t\t\t<\/div>\n\t\t\t\t\t<\/div>\n\t\t<\/div>\n\t\t\t\t\t\t\t<\/div>\n\t\t<\/section>\n\t\t\t\t\t\t\t<\/div>\n\t\t","protected":false},"excerpt":{"rendered":"<p>PRIVACY POLICY Domaine du CapitaineLast updated: January 27, 2026 Domaine du Capitaine places great importance on the protection of personal information. This Privacy Policy explains how we collect, use, store, and protect personal information in accordance with the Act respecting the protection of personal information in the private sector (Law 25 \u2013 Qu\u00e9bec). \u00a0 1. &hellip;<\/p>\n<p class=\"read-more\"> <a class=\"\" href=\"https:\/\/domaineducapitaine.com\/en\/privacy-policy\/\"> <span class=\"screen-reader-text\">Privacy policy<\/span> Read More &raquo;<\/a><\/p>\n","protected":false},"author":1,"featured_media":0,"parent":0,"menu_order":0,"comment_status":"closed","ping_status":"open","template":"elementor_header_footer","meta":{"site-sidebar-layout":"default","site-content-layout":"default","ast-global-header-display":"","ast-main-header-display":"","ast-hfb-above-header-display":"","ast-hfb-below-header-display":"","ast-hfb-mobile-header-display":"","site-post-title":"","ast-breadcrumbs-content":"","ast-featured-img":"","footer-sml-layout":"","theme-transparent-header-meta":"","adv-header-id-meta":"","stick-header-meta":"","header-above-stick-meta":"","header-main-stick-meta":"","header-below-stick-meta":"","footnotes":""},"class_list":["post-1222","page","type-page","status-publish","hentry"],"yoast_head":"<!-- This site is optimized with the Yoast SEO plugin v19.8 - https:\/\/yoast.com\/wordpress\/plugins\/seo\/ -->\n<title>Privacy policy - Domaine du Capitaine<\/title>\n<meta name=\"robots\" content=\"index, follow, max-snippet:-1, max-image-preview:large, max-video-preview:-1\" \/>\n<link rel=\"canonical\" href=\"https:\/\/domaineducapitaine.com\/en\/privacy-policy\/\" \/>\n<meta property=\"og:locale\" content=\"en_US\" \/>\n<meta property=\"og:type\" content=\"article\" \/>\n<meta property=\"og:title\" content=\"Privacy policy - Domaine du Capitaine\" \/>\n<meta property=\"og:description\" content=\"PRIVACY POLICY Domaine du CapitaineLast updated: January 27, 2026 Domaine du Capitaine places great importance on the protection of personal information. This Privacy Policy explains how we collect, use, store, and protect personal information in accordance with the Act respecting the protection of personal information in the private sector (Law 25 \u2013 Qu\u00e9bec). \u00a0 1. &hellip; Privacy policy Read More &raquo;\" \/>\n<meta property=\"og:url\" content=\"https:\/\/domaineducapitaine.com\/en\/privacy-policy\/\" \/>\n<meta property=\"og:site_name\" content=\"Domaine du Capitaine\" \/>\n<meta property=\"article:modified_time\" content=\"2026-03-06T14:39:13+00:00\" \/>\n<meta name=\"twitter:card\" content=\"summary_large_image\" \/>\n<meta name=\"twitter:label1\" content=\"Est. reading time\" \/>\n\t<meta name=\"twitter:data1\" content=\"3 minutes\" \/>\n<script type=\"application\/ld+json\" class=\"yoast-schema-graph\">{\"@context\":\"https:\/\/schema.org\",\"@graph\":[{\"@type\":\"WebPage\",\"@id\":\"https:\/\/domaineducapitaine.com\/en\/privacy-policy\/\",\"url\":\"https:\/\/domaineducapitaine.com\/en\/privacy-policy\/\",\"name\":\"Privacy policy - Domaine du Capitaine\",\"isPartOf\":{\"@id\":\"https:\/\/domaineducapitaine.com\/en\/#website\"},\"datePublished\":\"2022-06-29T20:48:13+00:00\",\"dateModified\":\"2026-03-06T14:39:13+00:00\",\"breadcrumb\":{\"@id\":\"https:\/\/domaineducapitaine.com\/en\/privacy-policy\/#breadcrumb\"},\"inLanguage\":\"en-US\",\"potentialAction\":[{\"@type\":\"ReadAction\",\"target\":[\"https:\/\/domaineducapitaine.com\/en\/privacy-policy\/\"]}]},{\"@type\":\"BreadcrumbList\",\"@id\":\"https:\/\/domaineducapitaine.com\/en\/privacy-policy\/#breadcrumb\",\"itemListElement\":[{\"@type\":\"ListItem\",\"position\":1,\"name\":\"Accueil\",\"item\":\"https:\/\/domaineducapitaine.com\/en\/\"},{\"@type\":\"ListItem\",\"position\":2,\"name\":\"Privacy policy\"}]},{\"@type\":\"WebSite\",\"@id\":\"https:\/\/domaineducapitaine.com\/en\/#website\",\"url\":\"https:\/\/domaineducapitaine.com\/en\/\",\"name\":\"Domaine du Capitaine\",\"description\":\"\",\"publisher\":{\"@id\":\"https:\/\/domaineducapitaine.com\/en\/#organization\"},\"potentialAction\":[{\"@type\":\"SearchAction\",\"target\":{\"@type\":\"EntryPoint\",\"urlTemplate\":\"https:\/\/domaineducapitaine.com\/en\/?s={search_term_string}\"},\"query-input\":\"required name=search_term_string\"}],\"inLanguage\":\"en-US\"},{\"@type\":\"Organization\",\"@id\":\"https:\/\/domaineducapitaine.com\/en\/#organization\",\"name\":\"Domaine du Capitaine\",\"url\":\"https:\/\/domaineducapitaine.com\/en\/\",\"sameAs\":[],\"logo\":{\"@type\":\"ImageObject\",\"inLanguage\":\"en-US\",\"@id\":\"https:\/\/domaineducapitaine.com\/en\/#\/schema\/logo\/image\/\",\"url\":\"https:\/\/domaineducapitaine.com\/wp-content\/uploads\/2022\/10\/cropped-SiteLogo_Plan-de-travail-1-copie-4.png\",\"contentUrl\":\"https:\/\/domaineducapitaine.com\/wp-content\/uploads\/2022\/10\/cropped-SiteLogo_Plan-de-travail-1-copie-4.png\",\"width\":908,\"height\":418,\"caption\":\"Domaine du Capitaine\"},\"image\":{\"@id\":\"https:\/\/domaineducapitaine.com\/en\/#\/schema\/logo\/image\/\"}}]}<\/script>\n<!-- \/ Yoast SEO plugin. -->","yoast_head_json":{"title":"Privacy policy - Domaine du Capitaine","robots":{"index":"index","follow":"follow","max-snippet":"max-snippet:-1","max-image-preview":"max-image-preview:large","max-video-preview":"max-video-preview:-1"},"canonical":"https:\/\/domaineducapitaine.com\/en\/privacy-policy\/","og_locale":"en_US","og_type":"article","og_title":"Privacy policy - Domaine du Capitaine","og_description":"PRIVACY POLICY Domaine du CapitaineLast updated: January 27, 2026 Domaine du Capitaine places great importance on the protection of personal information. This Privacy Policy explains how we collect, use, store, and protect personal information in accordance with the Act respecting the protection of personal information in the private sector (Law 25 \u2013 Qu\u00e9bec). \u00a0 1. &hellip; Privacy policy Read More &raquo;","og_url":"https:\/\/domaineducapitaine.com\/en\/privacy-policy\/","og_site_name":"Domaine du Capitaine","article_modified_time":"2026-03-06T14:39:13+00:00","twitter_card":"summary_large_image","twitter_misc":{"Est. reading time":"3 minutes"},"schema":{"@context":"https:\/\/schema.org","@graph":[{"@type":"WebPage","@id":"https:\/\/domaineducapitaine.com\/en\/privacy-policy\/","url":"https:\/\/domaineducapitaine.com\/en\/privacy-policy\/","name":"Privacy policy - Domaine du Capitaine","isPartOf":{"@id":"https:\/\/domaineducapitaine.com\/en\/#website"},"datePublished":"2022-06-29T20:48:13+00:00","dateModified":"2026-03-06T14:39:13+00:00","breadcrumb":{"@id":"https:\/\/domaineducapitaine.com\/en\/privacy-policy\/#breadcrumb"},"inLanguage":"en-US","potentialAction":[{"@type":"ReadAction","target":["https:\/\/domaineducapitaine.com\/en\/privacy-policy\/"]}]},{"@type":"BreadcrumbList","@id":"https:\/\/domaineducapitaine.com\/en\/privacy-policy\/#breadcrumb","itemListElement":[{"@type":"ListItem","position":1,"name":"Accueil","item":"https:\/\/domaineducapitaine.com\/en\/"},{"@type":"ListItem","position":2,"name":"Privacy policy"}]},{"@type":"WebSite","@id":"https:\/\/domaineducapitaine.com\/en\/#website","url":"https:\/\/domaineducapitaine.com\/en\/","name":"Domaine du Capitaine","description":"","publisher":{"@id":"https:\/\/domaineducapitaine.com\/en\/#organization"},"potentialAction":[{"@type":"SearchAction","target":{"@type":"EntryPoint","urlTemplate":"https:\/\/domaineducapitaine.com\/en\/?s={search_term_string}"},"query-input":"required name=search_term_string"}],"inLanguage":"en-US"},{"@type":"Organization","@id":"https:\/\/domaineducapitaine.com\/en\/#organization","name":"Domaine du Capitaine","url":"https:\/\/domaineducapitaine.com\/en\/","sameAs":[],"logo":{"@type":"ImageObject","inLanguage":"en-US","@id":"https:\/\/domaineducapitaine.com\/en\/#\/schema\/logo\/image\/","url":"https:\/\/domaineducapitaine.com\/wp-content\/uploads\/2022\/10\/cropped-SiteLogo_Plan-de-travail-1-copie-4.png","contentUrl":"https:\/\/domaineducapitaine.com\/wp-content\/uploads\/2022\/10\/cropped-SiteLogo_Plan-de-travail-1-copie-4.png","width":908,"height":418,"caption":"Domaine du Capitaine"},"image":{"@id":"https:\/\/domaineducapitaine.com\/en\/#\/schema\/logo\/image\/"}}]}},"_links":{"self":[{"href":"https:\/\/domaineducapitaine.com\/en\/wp-json\/wp\/v2\/pages\/1222","targetHints":{"allow":["GET"]}}],"collection":[{"href":"https:\/\/domaineducapitaine.com\/en\/wp-json\/wp\/v2\/pages"}],"about":[{"href":"https:\/\/domaineducapitaine.com\/en\/wp-json\/wp\/v2\/types\/page"}],"author":[{"embeddable":true,"href":"https:\/\/domaineducapitaine.com\/en\/wp-json\/wp\/v2\/users\/1"}],"replies":[{"embeddable":true,"href":"https:\/\/domaineducapitaine.com\/en\/wp-json\/wp\/v2\/comments?post=1222"}],"version-history":[{"count":10,"href":"https:\/\/domaineducapitaine.com\/en\/wp-json\/wp\/v2\/pages\/1222\/revisions"}],"predecessor-version":[{"id":1233,"href":"https:\/\/domaineducapitaine.com\/en\/wp-json\/wp\/v2\/pages\/1222\/revisions\/1233"}],"wp:attachment":[{"href":"https:\/\/domaineducapitaine.com\/en\/wp-json\/wp\/v2\/media?parent=1222"}],"curies":[{"name":"wp","href":"https:\/\/api.w.org\/{rel}","templated":true}]}}