{"id":870,"date":"2025-03-19T13:43:29","date_gmt":"2025-03-19T17:43:29","guid":{"rendered":"https:\/\/domaineducapitaine.com\/?page_id=870"},"modified":"2025-04-07T14:21:57","modified_gmt":"2025-04-07T18:21:57","slug":"a-propos","status":"publish","type":"page","link":"https:\/\/domaineducapitaine.com\/en\/a-propos\/","title":{"rendered":"Contact"},"content":{"rendered":"\t\t<div data-elementor-type=\"wp-page\" data-elementor-id=\"870\" class=\"elementor elementor-870 elementor-869\">\n\t\t\t\t\t\t\t\t\t<section class=\"elementor-section elementor-top-section elementor-element elementor-element-82933da elementor-section-boxed elementor-section-height-default elementor-section-height-default\" data-id=\"82933da\" data-element_type=\"section\" data-settings=\"{&quot;background_background&quot;:&quot;classic&quot;}\">\n\t\t\t\t\t\t<div class=\"elementor-container elementor-column-gap-default\">\n\t\t\t\t\t<div class=\"elementor-column elementor-col-100 elementor-top-column elementor-element elementor-element-17e1495\" data-id=\"17e1495\" data-element_type=\"column\">\n\t\t\t<div class=\"elementor-widget-wrap elementor-element-populated\">\n\t\t\t\t\t\t\t\t<div class=\"elementor-element elementor-element-9491240 elementor-widget-divider--view-line_icon elementor-view-default elementor-widget-divider--element-align-center elementor-widget elementor-widget-divider\" data-id=\"9491240\" data-element_type=\"widget\" data-widget_type=\"divider.default\">\n\t\t\t\t<div class=\"elementor-widget-container\">\n\t\t\t<style>\/*! elementor - v3.7.8 - 02-10-2022 *\/\n.elementor-widget-divider{--divider-border-style:none;--divider-border-width:1px;--divider-color:#2c2c2c;--divider-icon-size:20px;--divider-element-spacing:10px;--divider-pattern-height:24px;--divider-pattern-size:20px;--divider-pattern-url:none;--divider-pattern-repeat:repeat-x}.elementor-widget-divider .elementor-divider{display:-webkit-box;display:-ms-flexbox;display:flex}.elementor-widget-divider .elementor-divider__text{font-size:15px;line-height:1;max-width:95%}.elementor-widget-divider .elementor-divider__element{margin:0 var(--divider-element-spacing);-ms-flex-negative:0;flex-shrink:0}.elementor-widget-divider .elementor-icon{font-size:var(--divider-icon-size)}.elementor-widget-divider .elementor-divider-separator{display:-webkit-box;display:-ms-flexbox;display:flex;margin:0;direction:ltr}.elementor-widget-divider--view-line_icon .elementor-divider-separator,.elementor-widget-divider--view-line_text .elementor-divider-separator{-webkit-box-align:center;-ms-flex-align:center;align-items:center}.elementor-widget-divider--view-line_icon .elementor-divider-separator:after,.elementor-widget-divider--view-line_icon .elementor-divider-separator:before,.elementor-widget-divider--view-line_text .elementor-divider-separator:after,.elementor-widget-divider--view-line_text .elementor-divider-separator:before{display:block;content:\"\";border-bottom:0;-webkit-box-flex:1;-ms-flex-positive:1;flex-grow:1;border-top:var(--divider-border-width) var(--divider-border-style) var(--divider-color)}.elementor-widget-divider--element-align-left .elementor-divider .elementor-divider-separator>.elementor-divider__svg:first-of-type{-webkit-box-flex:0;-ms-flex-positive:0;flex-grow:0;-ms-flex-negative:100;flex-shrink:100}.elementor-widget-divider--element-align-left .elementor-divider-separator:before{content:none}.elementor-widget-divider--element-align-left .elementor-divider__element{margin-left:0}.elementor-widget-divider--element-align-right .elementor-divider .elementor-divider-separator>.elementor-divider__svg:last-of-type{-webkit-box-flex:0;-ms-flex-positive:0;flex-grow:0;-ms-flex-negative:100;flex-shrink:100}.elementor-widget-divider--element-align-right .elementor-divider-separator:after{content:none}.elementor-widget-divider--element-align-right .elementor-divider__element{margin-right:0}.elementor-widget-divider:not(.elementor-widget-divider--view-line_text):not(.elementor-widget-divider--view-line_icon) .elementor-divider-separator{border-top:var(--divider-border-width) var(--divider-border-style) var(--divider-color)}.elementor-widget-divider--separator-type-pattern{--divider-border-style:none}.elementor-widget-divider--separator-type-pattern.elementor-widget-divider--view-line .elementor-divider-separator,.elementor-widget-divider--separator-type-pattern:not(.elementor-widget-divider--view-line) .elementor-divider-separator:after,.elementor-widget-divider--separator-type-pattern:not(.elementor-widget-divider--view-line) .elementor-divider-separator:before,.elementor-widget-divider--separator-type-pattern:not([class*=elementor-widget-divider--view]) .elementor-divider-separator{width:100%;min-height:var(--divider-pattern-height);-webkit-mask-size:var(--divider-pattern-size) 100%;mask-size:var(--divider-pattern-size) 100%;-webkit-mask-repeat:var(--divider-pattern-repeat);mask-repeat:var(--divider-pattern-repeat);background-color:var(--divider-color);-webkit-mask-image:var(--divider-pattern-url);mask-image:var(--divider-pattern-url)}.elementor-widget-divider--no-spacing{--divider-pattern-size:auto}.elementor-widget-divider--bg-round{--divider-pattern-repeat:round}.rtl .elementor-widget-divider .elementor-divider__text{direction:rtl}.e-container>.elementor-widget-divider{width:var(--container-widget-width,100%);--flex-grow:var(--container-widget-flex-grow,0)}<\/style>\t\t<div class=\"elementor-divider\">\n\t\t\t<span class=\"elementor-divider-separator\">\n\t\t\t\t\t\t\t<div class=\"elementor-icon elementor-divider__element\">\n\t\t\t\t\t<svg xmlns=\"http:\/\/www.w3.org\/2000\/svg\" id=\"a\" viewBox=\"0 0 300 300\"><defs><style>.b{fill:#193746;}<\/style><\/defs><path class=\"b\" d=\"M210.12,191.23c6.69-.42,13.38-.85,20.06-1.27l-2.05,20.22c-6-6.32-12.01-12.63-18.01-18.95Z\"><\/path><path class=\"b\" d=\"M90.08,191.08c-6.76-.35-13.51-.7-20.27-1.06,.85,6.76,1.7,13.52,2.55,20.28,5.91-6.41,11.81-12.81,17.72-19.22Z\"><\/path><rect class=\"b\" x=\"143.05\" y=\"85.5\" width=\"14.35\" height=\"143.41\"><\/rect><path class=\"b\" d=\"M150.23,96.29c-12.97,0-23.53-10.56-23.53-23.53s10.56-23.53,23.53-23.53,23.53,10.55,23.53,23.53-10.55,23.53-23.53,23.53Zm0-32.71c-5.06,0-9.18,4.12-9.18,9.18s4.12,9.18,9.18,9.18,9.18-4.12,9.18-9.18-4.12-9.18-9.18-9.18Z\"><\/path><rect class=\"b\" x=\"129.28\" y=\"105.05\" width=\"41.9\" height=\"14.35\"><\/rect><path class=\"b\" d=\"M215.59,194.04c-16.7,17.88-40.41,28.62-65.83,28.53-26.1-.14-50.39-11.83-66.98-30.87-1.05,4.85-4.57,9.08-10.57,9.7,19.24,21.92,47.31,35.36,77.47,35.52,.18,0,.37,0,.55,0,29.76,0,57.46-12.84,76.77-34.07-6.25-.2-10.05-4.09-11.41-8.81Z\"><\/path><\/svg><\/div>\n\t\t\t\t\t\t<\/span>\n\t\t<\/div>\n\t\t\t\t<\/div>\n\t\t\t\t<\/div>\n\t\t\t\t\t<\/div>\n\t\t<\/div>\n\t\t\t\t\t\t\t<\/div>\n\t\t<\/section>\n\t\t\t\t<section class=\"elementor-section elementor-top-section elementor-element elementor-element-2d6123d elementor-section-boxed elementor-section-height-default elementor-section-height-default\" data-id=\"2d6123d\" data-element_type=\"section\" data-settings=\"{&quot;background_background&quot;:&quot;classic&quot;}\">\n\t\t\t\t\t\t<div class=\"elementor-container elementor-column-gap-default\">\n\t\t\t\t\t<div class=\"elementor-column elementor-col-50 elementor-top-column elementor-element elementor-element-46d35c4\" data-id=\"46d35c4\" data-element_type=\"column\">\n\t\t\t<div class=\"elementor-widget-wrap elementor-element-populated\">\n\t\t\t\t\t\t\t\t<div class=\"elementor-element elementor-element-10e520f elementor-widget elementor-widget-image\" data-id=\"10e520f\" data-element_type=\"widget\" data-widget_type=\"image.default\">\n\t\t\t\t<div class=\"elementor-widget-container\">\n\t\t\t<style>\/*! elementor - v3.7.8 - 02-10-2022 *\/\n.elementor-widget-image{text-align:center}.elementor-widget-image a{display:inline-block}.elementor-widget-image a img[src$=\".svg\"]{width:48px}.elementor-widget-image img{vertical-align:middle;display:inline-block}<\/style>\t\t\t\t\t\t\t\t\t<figure class=\"wp-caption\">\n\t\t\t\t\t\t\t\t\t\t<img loading=\"lazy\" decoding=\"async\" width=\"1024\" height=\"768\" src=\"https:\/\/domaineducapitaine.com\/wp-content\/uploads\/2025\/02\/Photo-dequipe2024--1024x768.jpg\" class=\"attachment-large size-large\" alt=\"\" srcset=\"https:\/\/domaineducapitaine.com\/wp-content\/uploads\/2025\/02\/Photo-dequipe2024--1024x768.jpg 1024w, https:\/\/domaineducapitaine.com\/wp-content\/uploads\/2025\/02\/Photo-dequipe2024--300x225.jpg 300w, https:\/\/domaineducapitaine.com\/wp-content\/uploads\/2025\/02\/Photo-dequipe2024--768x576.jpg 768w, https:\/\/domaineducapitaine.com\/wp-content\/uploads\/2025\/02\/Photo-dequipe2024--1536x1152.jpg 1536w, https:\/\/domaineducapitaine.com\/wp-content\/uploads\/2025\/02\/Photo-dequipe2024--2048x1536.jpg 2048w\" sizes=\"auto, (max-width: 1024px) 100vw, 1024px\" \/>\t\t\t\t\t\t\t\t\t\t\t<figcaption class=\"widget-image-caption wp-caption-text\">Louis-Marc Mauger, Sonia Bourget, Marie-Claude Arsenault et St\u00e9phane Larocque<\/figcaption>\n\t\t\t\t\t\t\t\t\t\t<\/figure>\n\t\t\t\t\t\t\t\t\t<\/div>\n\t\t\t\t<\/div>\n\t\t\t\t\t<\/div>\n\t\t<\/div>\n\t\t\t\t<div class=\"elementor-column elementor-col-50 elementor-top-column elementor-element elementor-element-ff433f5\" data-id=\"ff433f5\" data-element_type=\"column\">\n\t\t\t<div class=\"elementor-widget-wrap elementor-element-populated\">\n\t\t\t\t\t\t\t\t<div class=\"elementor-element elementor-element-02d09fd elementor-widget elementor-widget-heading\" data-id=\"02d09fd\" data-element_type=\"widget\" data-widget_type=\"heading.default\">\n\t\t\t\t<div class=\"elementor-widget-container\">\n\t\t\t<style>\/*! elementor - v3.7.8 - 02-10-2022 *\/\n.elementor-heading-title{padding:0;margin:0;line-height:1}.elementor-widget-heading .elementor-heading-title[class*=elementor-size-]>a{color:inherit;font-size:inherit;line-height:inherit}.elementor-widget-heading .elementor-heading-title.elementor-size-small{font-size:15px}.elementor-widget-heading .elementor-heading-title.elementor-size-medium{font-size:19px}.elementor-widget-heading .elementor-heading-title.elementor-size-large{font-size:29px}.elementor-widget-heading .elementor-heading-title.elementor-size-xl{font-size:39px}.elementor-widget-heading .elementor-heading-title.elementor-size-xxl{font-size:59px}<\/style><h2 class=\"elementor-heading-title elementor-size-default\">About<\/h2>\t\t<\/div>\n\t\t\t\t<\/div>\n\t\t\t\t<div class=\"elementor-element elementor-element-b859c28 elementor-widget elementor-widget-text-editor\" data-id=\"b859c28\" data-element_type=\"widget\" data-widget_type=\"text-editor.default\">\n\t\t\t\t<div class=\"elementor-widget-container\">\n\t\t\t<style>\/*! elementor - v3.7.8 - 02-10-2022 *\/\n.elementor-widget-text-editor.elementor-drop-cap-view-stacked .elementor-drop-cap{background-color:#818a91;color:#fff}.elementor-widget-text-editor.elementor-drop-cap-view-framed .elementor-drop-cap{color:#818a91;border:3px solid;background-color:transparent}.elementor-widget-text-editor:not(.elementor-drop-cap-view-default) .elementor-drop-cap{margin-top:8px}.elementor-widget-text-editor:not(.elementor-drop-cap-view-default) .elementor-drop-cap-letter{width:1em;height:1em}.elementor-widget-text-editor .elementor-drop-cap{float:left;text-align:center;line-height:1;font-size:50px}.elementor-widget-text-editor .elementor-drop-cap-letter{display:inline-block}<\/style>\t\t\t\t<p><b>The Domaine du Capitaine Team<\/b><span style=\"font-weight: 400;\"><br \/><\/span><span style=\"font-weight: 400;\">We are a passionate team, united by family and friendship bonds, working with heart to offer an unforgettable experience at Domaine du Capitaine. Whether it&#8217;s for a reservation, a question, or simply to have a good time, we are here for you. Learn more about us below and discover how we created this magical place together!<\/span><\/p><p><span style=\"font-weight: 400;\">We are a team united by family ties and a shared passion for Gasp\u00e9sie and hospitality. Louis-Marc, Sonia\u2019s son, and Marie-Claude and St\u00e9phane, who have been married for many years, form a strong quartet that manages Domaine du Capitaine.<\/span><\/p>\t\t\t\t\t\t<\/div>\n\t\t\t\t<\/div>\n\t\t\t\t\t<\/div>\n\t\t<\/div>\n\t\t\t\t\t\t\t<\/div>\n\t\t<\/section>\n\t\t\t\t<section class=\"elementor-section elementor-top-section elementor-element elementor-element-affdaca elementor-section-boxed elementor-section-height-default elementor-section-height-default\" data-id=\"affdaca\" data-element_type=\"section\" data-settings=\"{&quot;background_background&quot;:&quot;classic&quot;}\">\n\t\t\t\t\t\t<div class=\"elementor-container elementor-column-gap-default\">\n\t\t\t\t\t<div class=\"elementor-column elementor-col-50 elementor-top-column elementor-element elementor-element-9be8011\" data-id=\"9be8011\" data-element_type=\"column\">\n\t\t\t<div class=\"elementor-widget-wrap elementor-element-populated\">\n\t\t\t\t\t\t\t\t<div class=\"elementor-element elementor-element-7d440e9 elementor-widget elementor-widget-text-editor\" data-id=\"7d440e9\" data-element_type=\"widget\" data-widget_type=\"text-editor.default\">\n\t\t\t\t<div class=\"elementor-widget-container\">\n\t\t\t\t\t\t\t<p><span style=\"font-weight: 400;\">All of us, except St\u00e9phane, who is a Gasp\u00e9sien by choice, are originally from this beautiful region. In 2021, after being away from Gasp\u00e9sie for more than 15 years, Marie-Claude and her partner bought a small fairy-tale cottage at the tip of Cap Blanc in Perc\u00e9 to reconnect with their roots. It was there that they met their neighbor, Louis-Marc, owner of Camping du Phare, and an instant friendship was formed.<\/span><\/p><p><span style=\"font-weight: 400;\">In 2022, this quartet decided to team up to acquire Domaine du Capitaine, a beautiful place with prime views of Cap Blanc. Thanks to a combination of expertise in real estate, accounting, and entrepreneurship, we have all the necessary tools to make these cottages shine and offer an unforgettable experience.<\/span><span style=\"font-weight: 400;\"><br \/><\/span><span style=\"font-weight: 400;\">If you wish to book your stay, Marie-Claude will be there to assist you from the first contact until your departure. And during your stay, you can count on Louis-Marc and Sonia, who also work at the nearby Camping du Phare, to meet all your needs and help you every step of the way.<\/span><\/p>\t\t\t\t\t\t<\/div>\n\t\t\t\t<\/div>\n\t\t\t\t<div class=\"elementor-element elementor-element-de27827 elementor-widget elementor-widget-button\" data-id=\"de27827\" data-element_type=\"widget\" data-widget_type=\"button.default\">\n\t\t\t\t<div class=\"elementor-widget-container\">\n\t\t\t\t\t<div class=\"elementor-button-wrapper\">\n\t\t\t<a href=\"https:\/\/domaineducapitaine.com\/contact\/\" target=\"_blank\" class=\"elementor-button-link elementor-button elementor-size-sm\" role=\"button\">\n\t\t\t\t\t\t<span class=\"elementor-button-content-wrapper\">\n\t\t\t\t\t\t<span class=\"elementor-button-text\">NOUS CONTACTER<\/span>\n\t\t<\/span>\n\t\t\t\t\t<\/a>\n\t\t<\/div>\n\t\t\t\t<\/div>\n\t\t\t\t<\/div>\n\t\t\t\t\t<\/div>\n\t\t<\/div>\n\t\t\t\t<div class=\"elementor-column elementor-col-50 elementor-top-column elementor-element elementor-element-54bef3e\" data-id=\"54bef3e\" data-element_type=\"column\">\n\t\t\t<div class=\"elementor-widget-wrap elementor-element-populated\">\n\t\t\t\t\t\t\t\t<div class=\"elementor-element elementor-element-2b92cb4 elementor-widget elementor-widget-image\" data-id=\"2b92cb4\" data-element_type=\"widget\" data-widget_type=\"image.default\">\n\t\t\t\t<div class=\"elementor-widget-container\">\n\t\t\t\t\t\t\t\t\t\t\t\t\t\t\t<img loading=\"lazy\" decoding=\"async\" width=\"1536\" height=\"1025\" src=\"https:\/\/domaineducapitaine.com\/wp-content\/uploads\/2025\/02\/Photo-acceuil-1-1536x1025.jpg\" class=\"attachment-1536x1536 size-1536x1536\" alt=\"\" srcset=\"https:\/\/domaineducapitaine.com\/wp-content\/uploads\/2025\/02\/Photo-acceuil-1-1536x1025.jpg 1536w, https:\/\/domaineducapitaine.com\/wp-content\/uploads\/2025\/02\/Photo-acceuil-1-300x200.jpg 300w, https:\/\/domaineducapitaine.com\/wp-content\/uploads\/2025\/02\/Photo-acceuil-1-1024x683.jpg 1024w, https:\/\/domaineducapitaine.com\/wp-content\/uploads\/2025\/02\/Photo-acceuil-1-768x512.jpg 768w, https:\/\/domaineducapitaine.com\/wp-content\/uploads\/2025\/02\/Photo-acceuil-1-2048x1366.jpg 2048w\" sizes=\"auto, (max-width: 1536px) 100vw, 1536px\" \/>\t\t\t\t\t\t\t\t\t\t\t\t\t\t\t<\/div>\n\t\t\t\t<\/div>\n\t\t\t\t\t<\/div>\n\t\t<\/div>\n\t\t\t\t\t\t\t<\/div>\n\t\t<\/section>\n\t\t\t\t\t\t\t<\/div>\n\t\t","protected":false},"excerpt":{"rendered":"<p>Louis-Marc Mauger, Sonia Bourget, Marie-Claude Arsenault et St\u00e9phane Larocque About The Domaine du Capitaine TeamWe are a passionate team, united by family and friendship bonds, working with heart to offer an unforgettable experience at Domaine du Capitaine. Whether it&#8217;s for a reservation, a question, or simply to have a good time, we are here for &hellip;<\/p>\n<p class=\"read-more\"> <a class=\"\" href=\"https:\/\/domaineducapitaine.com\/en\/a-propos\/\"> <span class=\"screen-reader-text\">Contact<\/span> Read More &raquo;<\/a><\/p>\n","protected":false},"author":1,"featured_media":737,"parent":0,"menu_order":0,"comment_status":"closed","ping_status":"closed","template":"elementor_header_footer","meta":{"site-sidebar-layout":"no-sidebar","site-content-layout":"page-builder","ast-global-header-display":"","ast-main-header-display":"","ast-hfb-above-header-display":"","ast-hfb-below-header-display":"","ast-hfb-mobile-header-display":"","site-post-title":"disabled","ast-breadcrumbs-content":"","ast-featured-img":"disabled","footer-sml-layout":"","theme-transparent-header-meta":"","adv-header-id-meta":"","stick-header-meta":"","header-above-stick-meta":"","header-main-stick-meta":"","header-below-stick-meta":"","footnotes":""},"class_list":["post-870","page","type-page","status-publish","has-post-thumbnail","hentry"],"yoast_head":"<!-- This site is optimized with the Yoast SEO plugin v19.8 - https:\/\/yoast.com\/wordpress\/plugins\/seo\/ -->\n<title>Contact - Domaine du Capitaine<\/title>\n<meta name=\"robots\" content=\"index, follow, max-snippet:-1, max-image-preview:large, max-video-preview:-1\" \/>\n<link rel=\"canonical\" href=\"https:\/\/domaineducapitaine.com\/en\/a-propos\/\" \/>\n<meta property=\"og:locale\" content=\"en_US\" \/>\n<meta property=\"og:type\" content=\"article\" \/>\n<meta property=\"og:title\" content=\"Contact - Domaine du Capitaine\" \/>\n<meta property=\"og:description\" content=\"Louis-Marc Mauger, Sonia Bourget, Marie-Claude Arsenault et St\u00e9phane Larocque About The Domaine du Capitaine TeamWe are a passionate team, united by family and friendship bonds, working with heart to offer an unforgettable experience at Domaine du Capitaine. Whether it&#8217;s for a reservation, a question, or simply to have a good time, we are here for &hellip; Contact Read More &raquo;\" \/>\n<meta property=\"og:url\" content=\"https:\/\/domaineducapitaine.com\/en\/a-propos\/\" \/>\n<meta property=\"og:site_name\" content=\"Domaine du Capitaine\" \/>\n<meta property=\"article:modified_time\" content=\"2025-04-07T18:21:57+00:00\" \/>\n<meta property=\"og:image\" content=\"https:\/\/domaineducapitaine.com\/wp-content\/uploads\/2022\/10\/Photosite3-01.jpg\" \/>\n\t<meta property=\"og:image:width\" content=\"2500\" \/>\n\t<meta property=\"og:image:height\" content=\"1308\" \/>\n\t<meta property=\"og:image:type\" content=\"image\/jpeg\" \/>\n<meta name=\"twitter:card\" content=\"summary_large_image\" \/>\n<meta name=\"twitter:label1\" content=\"Est. reading time\" \/>\n\t<meta name=\"twitter:data1\" content=\"2 minutes\" \/>\n<script type=\"application\/ld+json\" class=\"yoast-schema-graph\">{\"@context\":\"https:\/\/schema.org\",\"@graph\":[{\"@type\":\"WebPage\",\"@id\":\"https:\/\/domaineducapitaine.com\/en\/a-propos\/\",\"url\":\"https:\/\/domaineducapitaine.com\/en\/a-propos\/\",\"name\":\"Contact - Domaine du Capitaine\",\"isPartOf\":{\"@id\":\"https:\/\/domaineducapitaine.com\/en\/#website\"},\"datePublished\":\"2025-03-19T17:43:29+00:00\",\"dateModified\":\"2025-04-07T18:21:57+00:00\",\"breadcrumb\":{\"@id\":\"https:\/\/domaineducapitaine.com\/en\/a-propos\/#breadcrumb\"},\"inLanguage\":\"en-US\",\"potentialAction\":[{\"@type\":\"ReadAction\",\"target\":[\"https:\/\/domaineducapitaine.com\/en\/a-propos\/\"]}]},{\"@type\":\"BreadcrumbList\",\"@id\":\"https:\/\/domaineducapitaine.com\/en\/a-propos\/#breadcrumb\",\"itemListElement\":[{\"@type\":\"ListItem\",\"position\":1,\"name\":\"Accueil\",\"item\":\"https:\/\/domaineducapitaine.com\/en\/\"},{\"@type\":\"ListItem\",\"position\":2,\"name\":\"Contact\"}]},{\"@type\":\"WebSite\",\"@id\":\"https:\/\/domaineducapitaine.com\/en\/#website\",\"url\":\"https:\/\/domaineducapitaine.com\/en\/\",\"name\":\"Domaine du Capitaine\",\"description\":\"\",\"publisher\":{\"@id\":\"https:\/\/domaineducapitaine.com\/en\/#organization\"},\"potentialAction\":[{\"@type\":\"SearchAction\",\"target\":{\"@type\":\"EntryPoint\",\"urlTemplate\":\"https:\/\/domaineducapitaine.com\/en\/?s={search_term_string}\"},\"query-input\":\"required name=search_term_string\"}],\"inLanguage\":\"en-US\"},{\"@type\":\"Organization\",\"@id\":\"https:\/\/domaineducapitaine.com\/en\/#organization\",\"name\":\"Domaine du Capitaine\",\"url\":\"https:\/\/domaineducapitaine.com\/en\/\",\"sameAs\":[],\"logo\":{\"@type\":\"ImageObject\",\"inLanguage\":\"en-US\",\"@id\":\"https:\/\/domaineducapitaine.com\/en\/#\/schema\/logo\/image\/\",\"url\":\"https:\/\/domaineducapitaine.com\/wp-content\/uploads\/2022\/10\/cropped-SiteLogo_Plan-de-travail-1-copie-4.png\",\"contentUrl\":\"https:\/\/domaineducapitaine.com\/wp-content\/uploads\/2022\/10\/cropped-SiteLogo_Plan-de-travail-1-copie-4.png\",\"width\":908,\"height\":418,\"caption\":\"Domaine du Capitaine\"},\"image\":{\"@id\":\"https:\/\/domaineducapitaine.com\/en\/#\/schema\/logo\/image\/\"}}]}<\/script>\n<!-- \/ Yoast SEO plugin. -->","yoast_head_json":{"title":"Contact - Domaine du Capitaine","robots":{"index":"index","follow":"follow","max-snippet":"max-snippet:-1","max-image-preview":"max-image-preview:large","max-video-preview":"max-video-preview:-1"},"canonical":"https:\/\/domaineducapitaine.com\/en\/a-propos\/","og_locale":"en_US","og_type":"article","og_title":"Contact - Domaine du Capitaine","og_description":"Louis-Marc Mauger, Sonia Bourget, Marie-Claude Arsenault et St\u00e9phane Larocque About The Domaine du Capitaine TeamWe are a passionate team, united by family and friendship bonds, working with heart to offer an unforgettable experience at Domaine du Capitaine. Whether it&#8217;s for a reservation, a question, or simply to have a good time, we are here for &hellip; Contact Read More &raquo;","og_url":"https:\/\/domaineducapitaine.com\/en\/a-propos\/","og_site_name":"Domaine du Capitaine","article_modified_time":"2025-04-07T18:21:57+00:00","og_image":[{"width":2500,"height":1308,"url":"https:\/\/domaineducapitaine.com\/wp-content\/uploads\/2022\/10\/Photosite3-01.jpg","type":"image\/jpeg"}],"twitter_card":"summary_large_image","twitter_misc":{"Est. reading time":"2 minutes"},"schema":{"@context":"https:\/\/schema.org","@graph":[{"@type":"WebPage","@id":"https:\/\/domaineducapitaine.com\/en\/a-propos\/","url":"https:\/\/domaineducapitaine.com\/en\/a-propos\/","name":"Contact - Domaine du Capitaine","isPartOf":{"@id":"https:\/\/domaineducapitaine.com\/en\/#website"},"datePublished":"2025-03-19T17:43:29+00:00","dateModified":"2025-04-07T18:21:57+00:00","breadcrumb":{"@id":"https:\/\/domaineducapitaine.com\/en\/a-propos\/#breadcrumb"},"inLanguage":"en-US","potentialAction":[{"@type":"ReadAction","target":["https:\/\/domaineducapitaine.com\/en\/a-propos\/"]}]},{"@type":"BreadcrumbList","@id":"https:\/\/domaineducapitaine.com\/en\/a-propos\/#breadcrumb","itemListElement":[{"@type":"ListItem","position":1,"name":"Accueil","item":"https:\/\/domaineducapitaine.com\/en\/"},{"@type":"ListItem","position":2,"name":"Contact"}]},{"@type":"WebSite","@id":"https:\/\/domaineducapitaine.com\/en\/#website","url":"https:\/\/domaineducapitaine.com\/en\/","name":"Domaine du Capitaine","description":"","publisher":{"@id":"https:\/\/domaineducapitaine.com\/en\/#organization"},"potentialAction":[{"@type":"SearchAction","target":{"@type":"EntryPoint","urlTemplate":"https:\/\/domaineducapitaine.com\/en\/?s={search_term_string}"},"query-input":"required name=search_term_string"}],"inLanguage":"en-US"},{"@type":"Organization","@id":"https:\/\/domaineducapitaine.com\/en\/#organization","name":"Domaine du Capitaine","url":"https:\/\/domaineducapitaine.com\/en\/","sameAs":[],"logo":{"@type":"ImageObject","inLanguage":"en-US","@id":"https:\/\/domaineducapitaine.com\/en\/#\/schema\/logo\/image\/","url":"https:\/\/domaineducapitaine.com\/wp-content\/uploads\/2022\/10\/cropped-SiteLogo_Plan-de-travail-1-copie-4.png","contentUrl":"https:\/\/domaineducapitaine.com\/wp-content\/uploads\/2022\/10\/cropped-SiteLogo_Plan-de-travail-1-copie-4.png","width":908,"height":418,"caption":"Domaine du Capitaine"},"image":{"@id":"https:\/\/domaineducapitaine.com\/en\/#\/schema\/logo\/image\/"}}]}},"_links":{"self":[{"href":"https:\/\/domaineducapitaine.com\/en\/wp-json\/wp\/v2\/pages\/870","targetHints":{"allow":["GET"]}}],"collection":[{"href":"https:\/\/domaineducapitaine.com\/en\/wp-json\/wp\/v2\/pages"}],"about":[{"href":"https:\/\/domaineducapitaine.com\/en\/wp-json\/wp\/v2\/types\/page"}],"author":[{"embeddable":true,"href":"https:\/\/domaineducapitaine.com\/en\/wp-json\/wp\/v2\/users\/1"}],"replies":[{"embeddable":true,"href":"https:\/\/domaineducapitaine.com\/en\/wp-json\/wp\/v2\/comments?post=870"}],"version-history":[{"count":8,"href":"https:\/\/domaineducapitaine.com\/en\/wp-json\/wp\/v2\/pages\/870\/revisions"}],"predecessor-version":[{"id":1195,"href":"https:\/\/domaineducapitaine.com\/en\/wp-json\/wp\/v2\/pages\/870\/revisions\/1195"}],"wp:featuredmedia":[{"embeddable":true,"href":"https:\/\/domaineducapitaine.com\/en\/wp-json\/wp\/v2\/media\/737"}],"wp:attachment":[{"href":"https:\/\/domaineducapitaine.com\/en\/wp-json\/wp\/v2\/media?parent=870"}],"curies":[{"name":"wp","href":"https:\/\/api.w.org\/{rel}","templated":true}]}}